{"id":13,"date":"2019-11-08T17:48:58","date_gmt":"2019-11-08T16:48:58","guid":{"rendered":"http:\/\/benek.wizim.eu\/?page_id=13"},"modified":"2020-09-09T11:13:14","modified_gmt":"2020-09-09T09:13:14","slug":"kde-ich-kupim","status":"publish","type":"page","link":"https:\/\/superbenek.eu\/sk\/kde-ich-kupim\/","title":{"rendered":"KDE ICH K\u00daPIM?"},"content":{"rendered":"<!--[container_effect]--> <div class=\"container-effect container  bd-containereffect-1937244067 \"><!--{content}--><!--[layoutbox]--><div class=\"clearfix  additional-class-928158030  bd-no-margins\"><div class=\"bd-container-inner\"><!--{content}-->    <!--[text]-->\n        <style>\n.additional-class-1470115035{\n\ttext-align:  center;\n}\n<\/style>        <p class=\" additional-class-1470115035  bd-content-element\">\n            <!--{content}-->\n                Produkty Super Benek s\u00fa dostupn\u00e9 v mnoh\u00fdch kamenn\u00fdch a internetov\u00fdch obchodoch.            <!--{\/content}-->\n        <\/p>\n    <!--[\/text]-->\n\r\n\r\n    <!--[text]-->\n        <style>\n.additional-class-1906634829{\n\ttext-align:  center;\n}\n<\/style>        <p class=\" additional-class-1906634829  bd-content-element\">\n            <!--{content}-->\n                <b>Kde k\u00fapim podstielku Super Benek?<\/b>\r\nV akom obchode s\u00fa dostupn\u00e9 mokr\u00e9 a such\u00e9 krmiv\u00e1? Ni\u017e\u0161ie n\u00e1jdete linky na niektor\u00e9 internetov\u00e9 obchody. Tieto linky sl\u00fa\u017eia ako pr\u00edklady.            <!--{\/content}-->\n        <\/p>\n    <!--[\/text]-->\n<!--{\/content}--><\/div><\/div><!--[\/layoutbox]--><!--{\/content}--><\/div><!--[\/container_effect]-->\n<!--[container_effect]--> <div class=\"container-effect container  bd-containereffect-1416976767 \"><!--{content}--><hr \/>\r\n\r\n<h3 style=\"text-align: center;\"><strong>Obchody v Po\u013esku<\/strong><\/h3>\r\n\t<div class=\"lswr-logo-outter lswr-logo-grid-1 lswr-template-1 no_effect\" data-animation=\"\">\n\t\t<div class=\" lswr-logo-inner cell-md-3 cells lswr-first\">\t\r\n\t<div class=\"lswr-post-grid\">\r\n\t\t    \t\t    <div class=\"logo-img-outter \">\t\t\t\r\n\t\t\t<a href=\"https:\/\/www.e-torro.pl\/pl\/searchquery\/benek\/1\/desc\/5?url=benek\" target=\"_self\">\r\n\t\t\t\t<img class=\"lswr-logo-image\" src=\"https:\/\/superbenek.eu\/sk\/wp-content\/uploads\/2020\/03\/e-torro.jpg\" alt=\"e-torro.pl\" \/>\t\t\t\t\r\n   \t\t\t<\/a>\r\n\t\t\t<\/div>\r\n\t\t           \t\t\t\t\t\t<div class=\"lswr-logo-title\">e-torro.pl<\/div>\r\n                      <div class=\"lswr-logo-description\">\r\n\t\t\t\t\t\t\t\t   <\/div>\r\n\t<\/div>\r\n<\/div><div class=\" lswr-logo-inner cell-md-3 cells \">\t\r\n\t<div class=\"lswr-post-grid\">\r\n\t\t    \t\t    <div class=\"logo-img-outter \">\t\t\t\r\n\t\t\t<a href=\"https:\/\/www.tukan24.pl\/szukaj.html\/szukaj=benek\/opis=tak\/nrkat=tak\/kodprod=tak\" target=\"_self\">\r\n\t\t\t\t<img class=\"lswr-logo-image\" src=\"https:\/\/superbenek.eu\/sk\/wp-content\/uploads\/2020\/03\/tukan24-pl.jpg\" alt=\"Tukan24.pl\" \/>\t\t\t\t\r\n   \t\t\t<\/a>\r\n\t\t\t<\/div>\r\n\t\t           \t\t\t\t\t\t<div class=\"lswr-logo-title\">Tukan24.pl<\/div>\r\n                      <div class=\"lswr-logo-description\">\r\n\t\t\t\t\t\t\t\t   <\/div>\r\n\t<\/div>\r\n<\/div><div class=\" lswr-logo-inner cell-md-3 cells \">\t\r\n\t<div class=\"lswr-post-grid\">\r\n\t\t    \t\t    <div class=\"logo-img-outter \">\t\t\t\r\n\t\t\t<a href=\"https:\/\/zooart.com.pl\/search.php?text=benek%20%20e-torro%20https:\/\/www.e-torro.pl\/pl\/searchquery\/benek\/1\/desc\/5?url=benek\" target=\"_self\">\r\n\t\t\t\t<img class=\"lswr-logo-image\" src=\"https:\/\/superbenek.eu\/sk\/wp-content\/uploads\/2020\/03\/zooart.jpg\" alt=\"Zooart.pl\" \/>\t\t\t\t\r\n   \t\t\t<\/a>\r\n\t\t\t<\/div>\r\n\t\t           \t\t\t\t\t\t<div class=\"lswr-logo-title\">Zooart.pl<\/div>\r\n                      <div class=\"lswr-logo-description\">\r\n\t\t\t\t\t\t\t\t   <\/div>\r\n\t<\/div>\r\n<\/div><div class=\" lswr-logo-inner cell-md-3 cells lswr-last\">\t\r\n\t<div class=\"lswr-post-grid\">\r\n\t\t    \t\t    <div class=\"logo-img-outter \">\t\t\t\r\n\t\t\t<a href=\"https:\/\/fera.pl\/?subcats=Y&#038;pcode_from_q=Y&#038;pshort=Y&#038;pfull=Y&#038;pname=Y&#038;pkeywords=Y&#038;search_performed=Y&#038;q=super+benek&#038;dispatch=2lm_elasticsearch.search\" target=\"_self\">\r\n\t\t\t\t<img class=\"lswr-logo-image\" src=\"https:\/\/superbenek.eu\/sk\/wp-content\/uploads\/2020\/03\/fera-pl.jpg\" alt=\"Fera.pl\" \/>\t\t\t\t\r\n   \t\t\t<\/a>\r\n\t\t\t<\/div>\r\n\t\t           \t\t\t\t\t\t<div class=\"lswr-logo-title\">Fera.pl<\/div>\r\n                      <div class=\"lswr-logo-description\">\r\n\t\t\t\t\t\t\t\t   <\/div>\r\n\t<\/div>\r\n<\/div>\t<\/div>\n\t\r\n\r\n&nbsp;\r\n\r\n<hr \/>\r\n\r\n<h3 style=\"text-align: center;\"><strong>Obchody v Nemecku<\/strong><\/h3>\r\n\t<div class=\"lswr-logo-outter lswr-logo-grid-2 lswr-template-1 no_effect\" data-animation=\"\">\n\t\t<div class=\" lswr-logo-inner cell-md-3 cells lswr-first\">\t\r\n\t<div class=\"lswr-post-grid\">\r\n\t\t    \t\t    <div class=\"logo-img-outter \">\t\t\t\r\n\t\t\t<a href=\"https:\/\/www.zoobio.de\/search\/index?q=benek\" target=\"_self\">\r\n\t\t\t\t<img class=\"lswr-logo-image\" src=\"https:\/\/superbenek.eu\/sk\/wp-content\/uploads\/2020\/03\/zoobio.jpg\" alt=\"Zoobio.de\" \/>\t\t\t\t\r\n   \t\t\t<\/a>\r\n\t\t\t<\/div>\r\n\t\t           \t\t\t\t\t\t<div class=\"lswr-logo-title\">Zoobio.de<\/div>\r\n                      <div class=\"lswr-logo-description\">\r\n\t\t\t\t\t\t\t\t   <\/div>\r\n\t<\/div>\r\n<\/div><div class=\" lswr-logo-inner cell-md-3 cells \">\t\r\n\t<div class=\"lswr-post-grid\">\r\n\t\t    \t\t    <div class=\"logo-img-outter \">\t\t\t\r\n\t\t\t<a href=\"https:\/\/zooland.com.de\/search.php?text=benek\" target=\"_self\">\r\n\t\t\t\t<img class=\"lswr-logo-image\" src=\"https:\/\/superbenek.eu\/sk\/wp-content\/uploads\/2020\/03\/zooland.jpg\" alt=\"Zooland.com.de\" \/>\t\t\t\t\r\n   \t\t\t<\/a>\r\n\t\t\t<\/div>\r\n\t\t           \t\t\t\t\t\t<div class=\"lswr-logo-title\">Zooland.com.de<\/div>\r\n                      <div class=\"lswr-logo-description\">\r\n\t\t\t\t\t\t\t\t   <\/div>\r\n\t<\/div>\r\n<\/div><div class=\" lswr-logo-inner cell-md-3 cells \">\t\r\n\t<div class=\"lswr-post-grid\">\r\n\t\t    \t\t    <div class=\"logo-img-outter \">\t\t\t\r\n\t\t\t<a href=\"https:\/\/www.zooplus.de\/esearch.htm#q=super%2520benek\" target=\"_self\">\r\n\t\t\t\t<img class=\"lswr-logo-image\" src=\"https:\/\/superbenek.eu\/sk\/wp-content\/uploads\/2020\/03\/zooplus.jpg\" alt=\"Zooplus.de\" \/>\t\t\t\t\r\n   \t\t\t<\/a>\r\n\t\t\t<\/div>\r\n\t\t           \t\t\t\t\t\t<div class=\"lswr-logo-title\">Zooplus.de<\/div>\r\n                      <div class=\"lswr-logo-description\">\r\n\t\t\t\t\t\t\t\t   <\/div>\r\n\t<\/div>\r\n<\/div><div class=\" lswr-logo-inner cell-md-3 cells lswr-last\">\t\r\n\t<div class=\"lswr-post-grid\">\r\n\t\t    \t\t    <div class=\"logo-img-outter \">\t\t\t\r\n\t\t\t<a href=\"https:\/\/fera24.de\/?subcats=Y&#038;pcode_from_q=Y&#038;pshort=Y&#038;pfull=Y&#038;pname=Y&#038;pkeywords=Y&#038;search_performed=Y&#038;q=benek+&#038;dispatch=2lm_elasticsearch.search\" target=\"_self\">\r\n\t\t\t\t<img class=\"lswr-logo-image\" src=\"https:\/\/superbenek.eu\/sk\/wp-content\/uploads\/2020\/03\/fera-de.jpg\" alt=\"Fera24.de\" \/>\t\t\t\t\r\n   \t\t\t<\/a>\r\n\t\t\t<\/div>\r\n\t\t           \t\t\t\t\t\t<div class=\"lswr-logo-title\">Fera24.de<\/div>\r\n                      <div class=\"lswr-logo-description\">\r\n\t\t\t\t\t\t\t\t   <\/div>\r\n\t<\/div>\r\n<\/div>\t<\/div>\n\t\r\n\r\n&nbsp;\r\n\r\n<div class=\"row\">\r\n<div class=\"col-xs-12 col-sm-12 col-md-12 col-lg-12\">\r\n<hr \/>\r\n\r\n<h3 style=\"text-align: center;\"><strong>Obchody na Slovensku<\/strong><\/h3>\r\n\t<div class=\"lswr-logo-outter lswr-logo-grid-3 lswr-template-1 no_effect\" data-animation=\"\">\n\t\t<div class=\" lswr-logo-inner cell-md-3 cells lswr-first\">\t\r\n\t<div class=\"lswr-post-grid\">\r\n\t\t    \t\t    <div class=\"logo-img-outter \">\t\t\t\r\n\t\t\t<a href=\"https:\/\/www.superbenek.sk\/uvodna-stranka.html\" target=\"_self\">\r\n\t\t\t\t<img class=\"lswr-logo-image\" src=\"https:\/\/superbenek.eu\/sk\/wp-content\/uploads\/2019\/11\/cc99946a9ed9b6d31cc82a69d1310ba0_superbenek500.png\" alt=\"BENOX\" \/>\t\t\t\t\r\n   \t\t\t<\/a>\r\n\t\t\t<\/div>\r\n\t\t           \t\t\t\t\t\t<div class=\"lswr-logo-title\">BENOX<\/div>\r\n                      <div class=\"lswr-logo-description\">\r\n\t\t\t\t\t\t\t\t   <\/div>\r\n\t<\/div>\r\n<\/div><div class=\" lswr-logo-inner cell-md-3 cells \">\t\r\n\t<div class=\"lswr-post-grid\">\r\n\t\t    \t\t    <div class=\"logo-img-outter \">\t\t\t\r\n\t\t\t<a href=\"https:\/\/mall.sk\/partner\/benox\" target=\"_self\">\r\n\t\t\t\t<img class=\"lswr-logo-image\" src=\"https:\/\/superbenek.eu\/sk\/wp-content\/uploads\/2020\/03\/mall-sk.png\" alt=\"MALL.SK\" \/>\t\t\t\t\r\n   \t\t\t<\/a>\r\n\t\t\t<\/div>\r\n\t\t           \t\t\t\t\t\t<div class=\"lswr-logo-title\">MALL.SK<\/div>\r\n                      <div class=\"lswr-logo-description\">\r\n\t\t\t\t\t\t\t\t   <\/div>\r\n\t<\/div>\r\n<\/div><div class=\" lswr-logo-inner cell-md-3 cells \">\t\r\n\t<div class=\"lswr-post-grid\">\r\n\t\t    \t\t    <div class=\"logo-img-outter \">\t\t\t\r\n\t\t\t<a href=\"https:\/\/www.alza.sk\/pet\/search.htm?exps=benek\" target=\"_self\">\r\n\t\t\t\t<img class=\"lswr-logo-image\" src=\"https:\/\/superbenek.eu\/sk\/wp-content\/uploads\/2020\/03\/alza-sk.png\" alt=\"ALZA PET\" \/>\t\t\t\t\r\n   \t\t\t<\/a>\r\n\t\t\t<\/div>\r\n\t\t           \t\t\t\t\t\t<div class=\"lswr-logo-title\">ALZA PET<\/div>\r\n                      <div class=\"lswr-logo-description\">\r\n\t\t\t\t\t\t\t\t   <\/div>\r\n\t<\/div>\r\n<\/div>\t<\/div>\n\t\r\n\r\n&nbsp;\r\n<\/div>\r\n<\/div>\r\n<div class=\"row\">\r\n<div class=\"col-xs-12 col-sm-12 col-md-12 col-lg-12\">\r\n<hr \/>\r\n<h3 style=\"text-align: center;\"><strong>Obchody v \u010ceskej republike<\/strong><\/h3>\r\n\t<div class=\"lswr-logo-outter lswr-logo-grid-4 lswr-template-1 no_effect\" data-animation=\"\">\n\t\t<div class=\" lswr-logo-inner cell-md-3 cells lswr-first\">\t\r\n\t<div class=\"lswr-post-grid\">\r\n\t\t    \t\t    <div class=\"logo-img-outter \">\t\t\t\r\n\t\t\t<a href=\"https:\/\/www.alza.cz\/pet\/search.htm?exps=benek\" target=\"_self\">\r\n\t\t\t\t<img class=\"lswr-logo-image\" src=\"https:\/\/superbenek.eu\/sk\/wp-content\/uploads\/2020\/03\/alza-sk.png\" alt=\"Alza Pet\" \/>\t\t\t\t\r\n   \t\t\t<\/a>\r\n\t\t\t<\/div>\r\n\t\t           \t\t\t\t\t\t<div class=\"lswr-logo-title\">Alza Pet<\/div>\r\n                      <div class=\"lswr-logo-description\">\r\n\t\t\t\t\t\t\t\t   <\/div>\r\n\t<\/div>\r\n<\/div><div class=\" lswr-logo-inner cell-md-3 cells \">\t\r\n\t<div class=\"lswr-post-grid\">\r\n\t\t    \t\t    <div class=\"logo-img-outter \">\t\t\t\r\n\t\t\t<a href=\"https:\/\/mall.cz\/partner\/benox\" target=\"_self\">\r\n\t\t\t\t<img class=\"lswr-logo-image\" src=\"https:\/\/superbenek.eu\/sk\/wp-content\/uploads\/2020\/09\/mall-cz.png\" alt=\"Mall Partner\" \/>\t\t\t\t\r\n   \t\t\t<\/a>\r\n\t\t\t<\/div>\r\n\t\t           \t\t\t\t\t\t<div class=\"lswr-logo-title\">Mall Partner<\/div>\r\n                      <div class=\"lswr-logo-description\">\r\n\t\t\t\t\t\t\t\t   <\/div>\r\n\t<\/div>\r\n<\/div>\t<\/div>\n\t\r\n\r\n&nbsp;\r\n<\/div>\r\n<\/div><!--{\/content}--><\/div><!--[\/container_effect]-->\n","protected":false},"excerpt":{"rendered":"","protected":false},"author":1,"featured_media":0,"parent":0,"menu_order":0,"comment_status":"closed","ping_status":"closed","template":"","meta":[],"yoast_head":"<!-- This site is optimized with the Yoast SEO plugin v19.12 - https:\/\/yoast.com\/wordpress\/plugins\/seo\/ -->\n<title>KDE ICH K\u00daPIM? - Super Benek<\/title>\n<meta name=\"robots\" content=\"index, follow, max-snippet:-1, max-image-preview:large, max-video-preview:-1\" \/>\n<link rel=\"canonical\" href=\"https:\/\/superbenek.eu\/sk\/kde-ich-kupim\/\" \/>\n<meta property=\"og:locale\" content=\"sk_SK\" \/>\n<meta property=\"og:type\" content=\"article\" \/>\n<meta property=\"og:title\" content=\"KDE ICH K\u00daPIM? - Super Benek\" \/>\n<meta property=\"og:url\" content=\"https:\/\/superbenek.eu\/sk\/kde-ich-kupim\/\" \/>\n<meta property=\"og:site_name\" content=\"Super Benek\" \/>\n<meta property=\"article:modified_time\" content=\"2020-09-09T09:13:14+00:00\" \/>\n<meta name=\"twitter:card\" content=\"summary_large_image\" \/>\n<meta name=\"twitter:label1\" content=\"Predpokladan\u00fd \u010das \u010d\u00edtania\" \/>\n\t<meta name=\"twitter:data1\" content=\"1 min\u00fata\" \/>\n<script type=\"application\/ld+json\" class=\"yoast-schema-graph\">{\"@context\":\"https:\/\/schema.org\",\"@graph\":[{\"@type\":\"WebPage\",\"@id\":\"https:\/\/superbenek.eu\/sk\/kde-ich-kupim\/\",\"url\":\"https:\/\/superbenek.eu\/sk\/kde-ich-kupim\/\",\"name\":\"KDE ICH K\u00daPIM? - Super Benek\",\"isPartOf\":{\"@id\":\"https:\/\/superbenek.eu\/sk\/#website\"},\"datePublished\":\"2019-11-08T16:48:58+00:00\",\"dateModified\":\"2020-09-09T09:13:14+00:00\",\"breadcrumb\":{\"@id\":\"https:\/\/superbenek.eu\/sk\/kde-ich-kupim\/#breadcrumb\"},\"inLanguage\":\"sk-SK\",\"potentialAction\":[{\"@type\":\"ReadAction\",\"target\":[\"https:\/\/superbenek.eu\/sk\/kde-ich-kupim\/\"]}]},{\"@type\":\"BreadcrumbList\",\"@id\":\"https:\/\/superbenek.eu\/sk\/kde-ich-kupim\/#breadcrumb\",\"itemListElement\":[{\"@type\":\"ListItem\",\"position\":1,\"name\":\"Strona g\u0142\u00f3wna\",\"item\":\"https:\/\/superbenek.eu\/sk\/\"},{\"@type\":\"ListItem\",\"position\":2,\"name\":\"KDE ICH K\u00daPIM?\"}]},{\"@type\":\"WebSite\",\"@id\":\"https:\/\/superbenek.eu\/sk\/#website\",\"url\":\"https:\/\/superbenek.eu\/sk\/\",\"name\":\"Super Benek\",\"description\":\"Super Benek\",\"potentialAction\":[{\"@type\":\"SearchAction\",\"target\":{\"@type\":\"EntryPoint\",\"urlTemplate\":\"https:\/\/superbenek.eu\/sk\/?s={search_term_string}\"},\"query-input\":\"required name=search_term_string\"}],\"inLanguage\":\"sk-SK\"}]}<\/script>\n<!-- \/ Yoast SEO plugin. -->","yoast_head_json":{"title":"KDE ICH K\u00daPIM? - Super Benek","robots":{"index":"index","follow":"follow","max-snippet":"max-snippet:-1","max-image-preview":"max-image-preview:large","max-video-preview":"max-video-preview:-1"},"canonical":"https:\/\/superbenek.eu\/sk\/kde-ich-kupim\/","og_locale":"sk_SK","og_type":"article","og_title":"KDE ICH K\u00daPIM? - Super Benek","og_url":"https:\/\/superbenek.eu\/sk\/kde-ich-kupim\/","og_site_name":"Super Benek","article_modified_time":"2020-09-09T09:13:14+00:00","twitter_card":"summary_large_image","twitter_misc":{"Predpokladan\u00fd \u010das \u010d\u00edtania":"1 min\u00fata"},"schema":{"@context":"https:\/\/schema.org","@graph":[{"@type":"WebPage","@id":"https:\/\/superbenek.eu\/sk\/kde-ich-kupim\/","url":"https:\/\/superbenek.eu\/sk\/kde-ich-kupim\/","name":"KDE ICH K\u00daPIM? - Super Benek","isPartOf":{"@id":"https:\/\/superbenek.eu\/sk\/#website"},"datePublished":"2019-11-08T16:48:58+00:00","dateModified":"2020-09-09T09:13:14+00:00","breadcrumb":{"@id":"https:\/\/superbenek.eu\/sk\/kde-ich-kupim\/#breadcrumb"},"inLanguage":"sk-SK","potentialAction":[{"@type":"ReadAction","target":["https:\/\/superbenek.eu\/sk\/kde-ich-kupim\/"]}]},{"@type":"BreadcrumbList","@id":"https:\/\/superbenek.eu\/sk\/kde-ich-kupim\/#breadcrumb","itemListElement":[{"@type":"ListItem","position":1,"name":"Strona g\u0142\u00f3wna","item":"https:\/\/superbenek.eu\/sk\/"},{"@type":"ListItem","position":2,"name":"KDE ICH K\u00daPIM?"}]},{"@type":"WebSite","@id":"https:\/\/superbenek.eu\/sk\/#website","url":"https:\/\/superbenek.eu\/sk\/","name":"Super Benek","description":"Super Benek","potentialAction":[{"@type":"SearchAction","target":{"@type":"EntryPoint","urlTemplate":"https:\/\/superbenek.eu\/sk\/?s={search_term_string}"},"query-input":"required name=search_term_string"}],"inLanguage":"sk-SK"}]}},"_links":{"self":[{"href":"https:\/\/superbenek.eu\/sk\/wp-json\/wp\/v2\/pages\/13"}],"collection":[{"href":"https:\/\/superbenek.eu\/sk\/wp-json\/wp\/v2\/pages"}],"about":[{"href":"https:\/\/superbenek.eu\/sk\/wp-json\/wp\/v2\/types\/page"}],"author":[{"embeddable":true,"href":"https:\/\/superbenek.eu\/sk\/wp-json\/wp\/v2\/users\/1"}],"replies":[{"embeddable":true,"href":"https:\/\/superbenek.eu\/sk\/wp-json\/wp\/v2\/comments?post=13"}],"version-history":[{"count":47,"href":"https:\/\/superbenek.eu\/sk\/wp-json\/wp\/v2\/pages\/13\/revisions"}],"predecessor-version":[{"id":875,"href":"https:\/\/superbenek.eu\/sk\/wp-json\/wp\/v2\/pages\/13\/revisions\/875"}],"wp:attachment":[{"href":"https:\/\/superbenek.eu\/sk\/wp-json\/wp\/v2\/media?parent=13"}],"curies":[{"name":"wp","href":"https:\/\/api.w.org\/{rel}","templated":true}]}}