{"id":153,"date":"2019-11-11T13:45:17","date_gmt":"2019-11-11T12:45:17","guid":{"rendered":"http:\/\/benek.wizim.eu\/?page_id=153"},"modified":"2020-07-15T17:43:17","modified_gmt":"2020-07-15T15:43:17","slug":"silikonove-podstielky","status":"publish","type":"page","link":"https:\/\/superbenek.eu\/sk\/ponuka-pre-macky\/silikonove-podstielky\/","title":{"rendered":"Silik\u00f3nov\u00e9 podstielky"},"content":{"rendered":"<div style=\"max-width: 1300px; margin: 0 auto; padding: 0px 15px;\">\n<div class=\"row\" style=\"margin-bottom: 3em;\">\n<div class=\"col-xs-12 col-sm-5 col-md-5 col-lg-5\" style=\"text-align: center;\">\n<div class=\"row\">\n<div class=\"col-xs-12 col-sm-12 col-md-12 col-lg-12\">\n<div class=\"col-xs-6 col-sm-6 col-md-6 col-lg-6\"><img decoding=\"async\" src=\"\/wp-content\/uploads\/produkty\/zwirki\/silikonowe\/super-benek-crystal.jpg\" alt=\"\u017cwirek\" \/><\/div>\n<div class=\"col-xs-6 col-sm-6 col-md-6 col-lg-6\"><img decoding=\"async\" src=\"\/wp-content\/uploads\/produkty\/zwirki\/silikonowe\/super-benek-standard.jpg\" alt=\"\u017cwirek\" \/><\/div>\n<\/div>\n<\/div>\n<!--[button]--><style>\n.additional-class-1129735561{margin-top:25px;}<\/style><style>.additional-class-1129735561 {\n                    text-decoration: inherit;\n\t                display: inline-block;\n\t                speak: none;\n\t            }\n\n                .additional-class-1129735561:before {\n                    font-family: 'Billion Web Font';\n\t                font-style: normal;\n\t                font-weight: normal;\n\t                text-decoration: inherit;\n\t                text-align: center;\n\t                text-transform: none;\n\t                width: 1em;\n                }.additional-class-1129735561:before {width: auto; visibility: inherit;}.additional-class-1129735561:before{display: inline-block;}<\/style><style>.additional-class-1129735561:before {\n        vertical-align: middle;\n        text-decoration: none;\n    }<\/style><style>.additional-class-1129735561:hover {\n                    text-decoration: inherit;\n\t                display: inline-block;\n\t                speak: none;\n\t            }\n\n                .additional-class-1129735561:hover:before {\n                    font-family: 'Billion Web Font';\n\t                font-style: normal;\n\t                font-weight: normal;\n\t                text-decoration: inherit;\n\t                text-align: center;\n\t                text-transform: none;\n\t                width: 1em;\n                }.additional-class-1129735561:hover:before {width: auto; visibility: inherit;}.additional-class-1129735561:hover:before{display: inline-block;}<\/style><style>.additional-class-1129735561:hover:before {\n        vertical-align: middle;\n        text-decoration: none;\n    }<\/style><a href=\"#produkty\" class=\"bd-button-22  additional-class-1129735561  bd-own-margins bd-content-element\"><!--{content}-->\nPozrite si v\u0161etky produkty\n<!--{\/content}--><\/a><!--[\/button]-->\n<\/div>\n<div class=\"col-xs-12 col-sm-7 col-md-7 col-lg-7\">\n<p style=\"line-height: 68.57142859px; font-size: 48px; color: #000000;\">Podstielka pre ma\u010dky<\/p>\n<p style=\"line-height: 34.2857143px; font-size: 24px; color: #c20000;\">vyroben\u00e1 zo <b>silik\u00f3nu<\/b><\/p>\n<p style=\"background-color: #f5f5f5; padding: 5px 10px; border-radius: 10px;\"><b>V\u00fdhody<\/b> silik\u00f3novej podstielky<\/p>\n<div style=\"padding: 10px 0px; margin-bottom: 5px; margin-top: 5px; border-right-width: 0px; border-right-style: none; border-left-width: 0px; border-left-style: none; border-top: 1px solid #ededed; border-bottom: 1px solid #ededed;\"><i class=\"fas fa-thumbs-up\" style=\"float: left; font-size: 36px; margin: 20px; color: #d7d7d7;\"><\/i><\/p>\n<p style=\"line-height: 28.57142858px; font-size: 18px;\">Silik\u00f3nov\u00e1 podstielka nehrudkuje. Pohlcuje tekutinu cel\u00fdm svoj\u00edm povrchom, ktor\u00fa uzatv\u00e1ra vo svojej \u0161trukt\u00fare, a teda nie je potrebn\u00e9 odstra\u0148ova\u0165 a dosyp\u00e1va\u0165 podstielku zaka\u017ed\u00fdm, ako ma\u010dka pou\u017eije toaletu.<\/p>\n<\/div>\n<div style=\"padding: 10px 0px; margin-bottom: 5px; margin-top: 5px; border-right-width: 0px; border-right-style: none; border-left-width: 0px; border-left-style: none; border-top: 1px solid #ededed; border-bottom: 1px solid #ededed;\"><i class=\"fas fa-om\" style=\"float: left; font-size: 36px; margin: 20px; color: #d7d7d7;\"><\/i><\/p>\n<p style=\"line-height: 28.57142858px; font-size: 18px;\"><b>Podstielka nie je pra\u0161n\u00e1<\/b> a odpor\u00fa\u010da sa najm\u00e4 pre ma\u010dky s alergiami<\/p>\n<p>Dreven\u00e1 podstielka je ve\u013emi \u013eahk\u00e1, a z\u00e1rove\u0148 \u00fa\u010dinn\u00e1. Sedemlitrov\u00e9 balenie podstielky vo verzii hrdukovacieho granul\u00e1tu v\u00e1\u017ei necel\u00e9 3 kg.<\/p>\n<\/div>\n<div style=\"padding: 10px 0px; margin-bottom: 5px; margin-top: 5px; border-right-width: 0px; border-right-style: none; border-left-width: 0px; border-left-style: none; border-top: 1px solid #ededed; border-bottom: 1px solid #ededed;\"><i class=\"fas fa-wind\" style=\"float: left; font-size: 36px; margin: 20px; color: #d7d7d7;\"><\/i><\/p>\n<p style=\"line-height: 28.57142858px; font-size: 18px;\"><b>Zabra\u0148uje roz\u0161irovaniu sa nepr\u00edjemn\u00e9ho z\u00e1pachu <\/b> po miestnosti<\/p>\n<p>Silik\u00f3nov\u00e9 podstielky skvele pohlcuj\u00fa nepr\u00edjemn\u00e9 pachy, preto\u017ee ich v sebe via\u017eu. V\u010faka tomu cel\u00fd nepr\u00edjemn\u00fd z\u00e1pach ost\u00e1va v toalete a neroz\u0161iruje sa po miestnosti.<\/p>\n<\/div>\n<\/div>\n<\/div>\n<div class=\"row\">\n<div class=\"col-xs-12 col-sm-8 col-md-8 col-lg-8\" style=\"padding: 10px;\">\n<div style=\"background-color: #f5f5f5; padding: 20px; border-radius: 20px;\"><i class=\"fas fa-cat\" style=\"float: left; font-size: 72px; padding: 10px 25px 10px 10px; margin: 20px 0px; color: #cccccc;\"><\/i><\/p>\n<p style=\"padding-top: 25px; line-height: 34.2857143px; font-size: 24px; color: #000000;\"><b>Silik\u00f3nov\u00e1 podstielka<\/b><\/p>\n\n    <!--[separator]-->\n    <style>\n.bd-separator-1606357547{padding:10px 0px;}<\/style>        <style>\n.bd-separator-1606357547 .bd-separator-inner:before, .bd-separator-1606357547 .bd-separator-inner:after{border-top:1px solid #dddddd;}<\/style>    <style>\n.bd-separator-1606357547 .bd-separator-inner{width:100%;}<\/style>\n    <div class=\" bd-separator-1606357547  bd-separator-left bd-separator-content-center clearfix\">\n        <div class=\"bd-container-inner\">\n            <div class=\"bd-separator-inner\">\n                                <!--{content}--><!--{\/content}-->\n            <\/div>\n        <\/div>\n    <\/div>\n    <!--[\/separator]-->\n\n    \n<p style=\"line-height: 27.2px; font-size: 16px;\">Majitelia ma\u010diek, ktor\u00ed h\u013eadaj\u00fa v\u00fdnimo\u010dne siln\u00e9 absorp\u010dn\u00e9 podstielky, ktor\u00e9 s\u00fa z\u00e1rove\u0148 \u00fa\u010dinn\u00e9 a pohodln\u00e9 pri pou\u017e\u00edvan\u00ed, by mali vysk\u00fa\u0161a\u0165 podstielky ozna\u010dovan\u00e9 ako silik\u00f3nov\u00e9.<br \/>\nToto stelivo je vyroben\u00e9 z vodn\u00e9ho kreme\u0148a, teda silne absorp\u010dnej zl\u00fa\u010deniny, ktor\u00e1 pohlcuje cel\u00fdm svoj\u00edm povrchom tekutinu a uzatv\u00e1ra ju vo svojej \u0161trukt\u00fare. \u010co to znamen\u00e1 pre funk\u010dnos\u0165 podstielky? Toaletu so silik\u00f3novou podstielkou nie je potrebn\u00e9 upratova\u0165 zaka\u017ed\u00fdm, ako ju ma\u010dka pou\u017eije.<br \/>\nKry\u0161t\u00e1liky pohlcuj\u00fa nielen \u010diasto\u010dky vody, ale aj amoniaku, aromatick\u00fdch zl\u00fa\u010den\u00edn a alkoholu. Majitelia teda nebud\u00fa c\u00edti\u0165 nepr\u00edjemn\u00fd z\u00e1pach a nebud\u00fa sa musie\u0165 tr\u00e1pi\u0165 \u0161\u00edren\u00edm bakt\u00e9ri\u00ed v toalete. K \u010fal\u0161\u00edm v\u00fdhod\u00e1m silik\u00f3nov\u00fdch podstielok patr\u00ed aj to, \u017ee nie s\u00fa pra\u0161n\u00e9, pri\u010dom sa odpor\u00fa\u010daj\u00fa pre ma\u010dky, ktor\u00e9 maj\u00fa probl\u00e9my s alergiou.<br \/>\nT\u00e1to podstielka je tie\u017e skvel\u00fdm rie\u0161en\u00edm pre osoby h\u013eadaj\u00face stelivo, ktor\u00e9 je mo\u017en\u00e9 odstr\u00e1ni\u0165 v toalete.<\/p>\n<\/div>\n<\/div>\n<div class=\"col-xs-12 col-sm-4 col-md-4 col-lg-4\" style=\"padding: 10px;\">\n<div style=\"background-color: rgba(0, 0, 0, 0); padding: 20px;\"><i class=\"fas fa-paw\" style=\"float: left; font-size: 72px; padding: 10px 25px 10px 10px; margin: 20px 0px; color: #cccccc;\"><\/i><\/p>\n<p style=\"padding-top: 25px; line-height: 34.2857143px; font-size: 24px; color: #000000;\"><b>Kedy je potrebn\u00e9 odstr\u00e1ni\u0165<\/b> podstielku?<\/p>\n\n    <!--[separator]-->\n    <style>\n.bd-separator-1194483536{padding:10px 0px;}<\/style>        <style>\n.bd-separator-1194483536 .bd-separator-inner:before, .bd-separator-1194483536 .bd-separator-inner:after{border-top:1px solid #dddddd;}<\/style>    <style>\n.bd-separator-1194483536 .bd-separator-inner{width:100%;}<\/style>\n    <div class=\" bd-separator-1194483536  bd-separator-left bd-separator-content-center clearfix\">\n        <div class=\"bd-container-inner\">\n            <div class=\"bd-separator-inner\">\n                                <!--{content}--><!--{\/content}-->\n            <\/div>\n        <\/div>\n    <\/div>\n    <!--[\/separator]-->\n\n    \n<p style=\"line-height: 27.2px; font-size: 16px;\">Tento typ podstielky nehrudkuje. Kry\u0161t\u00e1liky v\u010faka p\u00f3rovitej \u0161trukt\u00fare pohlcuj\u00fa cel\u00fa tekutinu a aj prchav\u00e9 zl\u00fa\u010deniny, ktor\u00e9 v sebe uskladnia. Pokia\u013e je toaleta s podstielkou na mieste s dobrou cirkul\u00e1ciou vzduchu, stelivo si e\u0161te dlh\u0161ie zachov\u00e1va svoje vlastnosti. Voda sa z podstielky vypar\u00ed a ostatn\u00e9 chemick\u00e9 l\u00e1tky ost\u00e1vaj\u00fa v jej \u0161trukt\u00fare. Zmena zafarbenia z prieh\u013eadn\u00e9ho na \u017eltkav\u00e9 je sign\u00e1lom na v\u00fdmenu podstielky. Pevn\u00e9 exkrementy je potrebn\u00e9 odstra\u0148ova\u0165 systematicky a priebe\u017ene.<\/p>\n<\/div>\n<\/div>\n<\/div>\n<div id=\"produkty\" class=\"row\">\n<div class=\"col-xs-12 col-sm-6 col-md-6 col-lg-6\" style=\"border-right-width: 0px; border-right-style: none; border-bottom-width: 0px; border-bottom-style: none; border-left-width: 0px; border-left-style: none; border-top: 3px solid #f5f5f5; text-align: center;\">\n<div style=\"padding: 10px;\"><div class='white' style='background:rgba(0,0,0,0); border:solid 0px rgba(0,0,0,0); border-radius:0px; padding:0px 0px 0px 0px;'>\n<div id='slider_406' class='owl-carousel sa_owl_theme autohide-arrows' data-slider-id='slider_406' style='visibility:hidden;'>\n<div id='slider_406_slide01' class='sa_hover_container' style='padding:5% 5%; margin:0px 0%; background-image:url(&quot;https:\/\/superbenek.eu\/sk\/wp-content\/uploads\/2020\/01\/super-benek-crystal.jpg&quot;); background-position:center top; background-size:contain; background-repeat:no-repeat; '><\/div>\n<\/div>\n<\/div>\n<script type='text\/javascript'>\n\tjQuery(document).ready(function() {\n\t\tjQuery('#slider_406').owlCarousel({\n\t\t\titems : 1,\n\t\t\tsmartSpeed : 1500,\n\t\t\tautoplay : true,\n\t\t\tautoplayTimeout : 6000,\n\t\t\tautoplayHoverPause : true,\n\t\t\tsmartSpeed : 1500,\n\t\t\tfluidSpeed : 1500,\n\t\t\tautoplaySpeed : 1500,\n\t\t\tnavSpeed : 1500,\n\t\t\tdotsSpeed : 1500,\n\t\t\tloop : true,\n\t\t\tnav : true,\n\t\t\tnavText : ['Previous','Next'],\n\t\t\tdots : false,\n\t\t\tresponsiveRefreshRate : 200,\n\t\t\tslideBy : 1,\n\t\t\tmergeFit : true,\n\t\t\tautoHeight : false,\n\t\t\tmouseDrag : false,\n\t\t\ttouchDrag : true\n\t\t});\n\t\tjQuery('#slider_406').css('visibility', 'visible');\n\t\tsa_resize_slider_406();\n\t\twindow.addEventListener('resize', sa_resize_slider_406);\n\t\tfunction sa_resize_slider_406() {\n\t\t\tvar min_height = '85';\n\t\t\tvar win_width = jQuery(window).width();\n\t\t\tvar slider_width = jQuery('#slider_406').width();\n\t\t\tif (win_width < 480) {\n\t\t\t\tvar slide_width = slider_width \/ 1;\n\t\t\t} else if (win_width < 768) {\n\t\t\t\tvar slide_width = slider_width \/ 1;\n\t\t\t} else if (win_width < 980) {\n\t\t\t\tvar slide_width = slider_width \/ 1;\n\t\t\t} else if (win_width < 1200) {\n\t\t\t\tvar slide_width = slider_width \/ 1;\n\t\t\t} else if (win_width < 1500) {\n\t\t\t\tvar slide_width = slider_width \/ 1;\n\t\t\t} else {\n\t\t\t\tvar slide_width = slider_width \/ 1;\n\t\t\t}\n\t\t\tslide_width = Math.round(slide_width);\n\t\t\tvar slide_height = '0';\n\t\t\tif (min_height == 'aspect43') {\n\t\t\t\tslide_height = (slide_width \/ 4) * 3;\t\t\t\tslide_height = Math.round(slide_height);\n\t\t\t} else if (min_height == 'aspect169') {\n\t\t\t\tslide_height = (slide_width \/ 16) * 9;\t\t\t\tslide_height = Math.round(slide_height);\n\t\t\t} else {\n\t\t\t\tslide_height = (slide_width \/ 100) * min_height;\t\t\t\tslide_height = Math.round(slide_height);\n\t\t\t}\n\t\t\tjQuery('#slider_406 .owl-item .sa_hover_container').css('min-height', slide_height+'px');\n\t\t}\n\t\tvar owl_goto = jQuery('#slider_406');\n\t\tjQuery('.slider_406_goto1').click(function(event){\n\t\t\towl_goto.trigger('to.owl.carousel', 0);\n\t\t});\n\t\tvar resize_406 = jQuery('.owl-carousel');\n\t\tresize_406.on('initialized.owl.carousel', function(e) {\n\t\t\tif (typeof(Event) === 'function') {\n\t\t\t\twindow.dispatchEvent(new Event('resize'));\n\t\t\t} else {\n\t\t\t\tvar evt = window.document.createEvent('UIEvents');\n\t\t\t\tevt.initUIEvent('resize', true, false, window, 0);\n\t\t\t\twindow.dispatchEvent(evt);\n\t\t\t}\n\t\t});\n\t});\n<\/script>\n<\/p>\n<p style=\"line-height: 42.85714287px; font-size: 30px; font-weight: bold;\">Super Benek Crystal<\/p>\n\n    <!--[separator]-->\n    <style>\n.bd-separator-492365790{padding:10px 0px;}<\/style>        <style>\n.bd-separator-492365790 .bd-separator-inner:before, .bd-separator-492365790 .bd-separator-inner:after{border-top:1px solid #f5f5f5;}<\/style>    <style>\n.bd-separator-492365790 .bd-separator-inner{width:100%;}<\/style>\n    <div class=\" bd-separator-492365790  bd-separator-left bd-separator-content-center clearfix\">\n        <div class=\"bd-container-inner\">\n            <div class=\"bd-separator-inner\">\n                                <!--{content}--><!--{\/content}-->\n            <\/div>\n        <\/div>\n    <\/div>\n    <!--[\/separator]-->\n\n    \n<p style=\"line-height: 27.2px; font-size: 16px;\">Vysoko\u00fa\u010dinn\u00e1 a ultraabsorp\u010dn\u00e1 podstielka pre ma\u010dky, ktor\u00e1 skvele pohlcuje nielen mo\u010d, ale aj nepr\u00edjemn\u00fd z\u00e1pach.<\/p>\n<ul>\n<li>Super Benek Crystal Natural je podstielka s hrub\u0161\u00edm zrnom (od 0,8 do 5 mm).<\/li>\n<li>Super Benek Crystal Compact je podstielka s jemn\u00fdmi kry\u0161t\u00e1likmi (0,5 do 2 mm).<\/li>\n<\/ul>\n<\/div>\n<\/div>\n<div class=\"col-xs-12 col-sm-6 col-md-6 col-lg-6\" style=\"border-right-width: 0px; border-right-style: none; border-bottom-width: 0px; border-bottom-style: none; border-left-width: 0px; border-left-style: none; border-top: 3px solid #f5f5f5; text-align: center;\">\n<div style=\"padding: 10px;\"><div class='white' style='background:rgba(0,0,0,0); border:solid 0px rgba(0,0,0,0); border-radius:0px; padding:0px 0px 0px 0px;'>\n<div id='slider_409' class='owl-carousel sa_owl_theme autohide-arrows' data-slider-id='slider_409' style='visibility:hidden;'>\n<div id='slider_409_slide01' class='sa_hover_container' style='padding:5% 5%; margin:0px 0%; background-image:url(&quot;https:\/\/superbenek.eu\/sk\/wp-content\/uploads\/2020\/01\/super-benek-standard.jpg&quot;); background-position:center top; background-size:contain; background-repeat:no-repeat; '><\/div>\n<\/div>\n<\/div>\n<script type='text\/javascript'>\n\tjQuery(document).ready(function() {\n\t\tjQuery('#slider_409').owlCarousel({\n\t\t\titems : 1,\n\t\t\tsmartSpeed : 1500,\n\t\t\tautoplay : true,\n\t\t\tautoplayTimeout : 6000,\n\t\t\tautoplayHoverPause : true,\n\t\t\tsmartSpeed : 1500,\n\t\t\tfluidSpeed : 1500,\n\t\t\tautoplaySpeed : 1500,\n\t\t\tnavSpeed : 1500,\n\t\t\tdotsSpeed : 1500,\n\t\t\tloop : true,\n\t\t\tnav : true,\n\t\t\tnavText : ['Previous','Next'],\n\t\t\tdots : false,\n\t\t\tresponsiveRefreshRate : 200,\n\t\t\tslideBy : 1,\n\t\t\tmergeFit : true,\n\t\t\tautoHeight : false,\n\t\t\tmouseDrag : false,\n\t\t\ttouchDrag : true\n\t\t});\n\t\tjQuery('#slider_409').css('visibility', 'visible');\n\t\tsa_resize_slider_409();\n\t\twindow.addEventListener('resize', sa_resize_slider_409);\n\t\tfunction sa_resize_slider_409() {\n\t\t\tvar min_height = '85';\n\t\t\tvar win_width = jQuery(window).width();\n\t\t\tvar slider_width = jQuery('#slider_409').width();\n\t\t\tif (win_width < 480) {\n\t\t\t\tvar slide_width = slider_width \/ 1;\n\t\t\t} else if (win_width < 768) {\n\t\t\t\tvar slide_width = slider_width \/ 1;\n\t\t\t} else if (win_width < 980) {\n\t\t\t\tvar slide_width = slider_width \/ 1;\n\t\t\t} else if (win_width < 1200) {\n\t\t\t\tvar slide_width = slider_width \/ 1;\n\t\t\t} else if (win_width < 1500) {\n\t\t\t\tvar slide_width = slider_width \/ 1;\n\t\t\t} else {\n\t\t\t\tvar slide_width = slider_width \/ 1;\n\t\t\t}\n\t\t\tslide_width = Math.round(slide_width);\n\t\t\tvar slide_height = '0';\n\t\t\tif (min_height == 'aspect43') {\n\t\t\t\tslide_height = (slide_width \/ 4) * 3;\t\t\t\tslide_height = Math.round(slide_height);\n\t\t\t} else if (min_height == 'aspect169') {\n\t\t\t\tslide_height = (slide_width \/ 16) * 9;\t\t\t\tslide_height = Math.round(slide_height);\n\t\t\t} else {\n\t\t\t\tslide_height = (slide_width \/ 100) * min_height;\t\t\t\tslide_height = Math.round(slide_height);\n\t\t\t}\n\t\t\tjQuery('#slider_409 .owl-item .sa_hover_container').css('min-height', slide_height+'px');\n\t\t}\n\t\tvar owl_goto = jQuery('#slider_409');\n\t\tjQuery('.slider_409_goto1').click(function(event){\n\t\t\towl_goto.trigger('to.owl.carousel', 0);\n\t\t});\n\t\tvar resize_409 = jQuery('.owl-carousel');\n\t\tresize_409.on('initialized.owl.carousel', function(e) {\n\t\t\tif (typeof(Event) === 'function') {\n\t\t\t\twindow.dispatchEvent(new Event('resize'));\n\t\t\t} else {\n\t\t\t\tvar evt = window.document.createEvent('UIEvents');\n\t\t\t\tevt.initUIEvent('resize', true, false, window, 0);\n\t\t\t\twindow.dispatchEvent(evt);\n\t\t\t}\n\t\t});\n\t});\n<\/script>\n<\/p>\n<p style=\"line-height: 42.85714287px; font-size: 30px; font-weight: bold;\">Super Benek Standard<\/p>\n\n    <!--[separator]-->\n    <style>\n.bd-separator-1797959994{padding:10px 0px;}<\/style>        <style>\n.bd-separator-1797959994 .bd-separator-inner:before, .bd-separator-1797959994 .bd-separator-inner:after{border-top:1px solid #f5f5f5;}<\/style>    <style>\n.bd-separator-1797959994 .bd-separator-inner{width:100%;}<\/style>\n    <div class=\" bd-separator-1797959994  bd-separator-left bd-separator-content-center clearfix\">\n        <div class=\"bd-container-inner\">\n            <div class=\"bd-separator-inner\">\n                                <!--{content}--><!--{\/content}-->\n            <\/div>\n        <\/div>\n    <\/div>\n    <!--[\/separator]-->\n\n    \n<p style=\"line-height: 27.2px; font-size: 16px;\">Vysoko\u00fa\u010dinn\u00e1 a ultraabsorp\u010dn\u00e1 podstielka pre ma\u010dky, ktor\u00e1 skvele pohlcuje nielen mo\u010d, ale aj nepr\u00edjemn\u00fd z\u00e1pach.<\/p>\n<ul>\n<li>Super Benek Crystal Natural je podstielka s hrub\u0161\u00edm zrnom (od 0,8 do 5 mm).<\/li>\n<li>Super Benek Crystal Compact je podstielka s jemn\u00fdmi kry\u0161t\u00e1likmi (od 0,5 do 2 mm).<\/li>\n<\/ul>\n<\/div>\n<\/div>\n<\/div>\n<\/div>\n","protected":false},"excerpt":{"rendered":"<p>Podstielka pre ma\u010dky vyroben\u00e1 zo silik\u00f3nu V\u00fdhody silik\u00f3novej podstielky Silik\u00f3nov\u00e1 podstielka nehrudkuje. Pohlcuje tekutinu cel\u00fdm svoj\u00edm povrchom, ktor\u00fa uzatv\u00e1ra vo svojej \u0161trukt\u00fare, a teda nie je potrebn\u00e9 odstra\u0148ova\u0165 a dosyp\u00e1va\u0165 podstielku zaka\u017ed\u00fdm, ako ma\u010dka pou\u017eije toaletu. Podstielka nie je pra\u0161n\u00e1 a odpor\u00fa\u010da sa najm\u00e4 pre ma\u010dky s alergiami Dreven\u00e1 podstielka je ve\u013emi \u013eahk\u00e1, a z\u00e1rove\u0148 [&hellip;]<\/p>\n","protected":false},"author":1,"featured_media":0,"parent":11,"menu_order":0,"comment_status":"closed","ping_status":"closed","template":"","meta":[],"yoast_head":"<!-- This site is optimized with the Yoast SEO plugin v19.12 - https:\/\/yoast.com\/wordpress\/plugins\/seo\/ -->\n<title>Silik\u00f3nov\u00e9 podstielky - Super Benek<\/title>\n<meta name=\"robots\" content=\"index, follow, max-snippet:-1, max-image-preview:large, max-video-preview:-1\" \/>\n<link rel=\"canonical\" href=\"https:\/\/superbenek.eu\/sk\/ponuka-pre-macky\/silikonove-podstielky\/\" \/>\n<meta property=\"og:locale\" content=\"sk_SK\" \/>\n<meta property=\"og:type\" content=\"article\" \/>\n<meta property=\"og:title\" content=\"Silik\u00f3nov\u00e9 podstielky - Super Benek\" \/>\n<meta property=\"og:description\" content=\"Podstielka pre ma\u010dky vyroben\u00e1 zo silik\u00f3nu V\u00fdhody silik\u00f3novej podstielky Silik\u00f3nov\u00e1 podstielka nehrudkuje. Pohlcuje tekutinu cel\u00fdm svoj\u00edm povrchom, ktor\u00fa uzatv\u00e1ra vo svojej \u0161trukt\u00fare, a teda nie je potrebn\u00e9 odstra\u0148ova\u0165 a dosyp\u00e1va\u0165 podstielku zaka\u017ed\u00fdm, ako ma\u010dka pou\u017eije toaletu. Podstielka nie je pra\u0161n\u00e1 a odpor\u00fa\u010da sa najm\u00e4 pre ma\u010dky s alergiami Dreven\u00e1 podstielka je ve\u013emi \u013eahk\u00e1, a z\u00e1rove\u0148 [&hellip;]\" \/>\n<meta property=\"og:url\" content=\"https:\/\/superbenek.eu\/sk\/ponuka-pre-macky\/silikonove-podstielky\/\" \/>\n<meta property=\"og:site_name\" content=\"Super Benek\" \/>\n<meta property=\"article:modified_time\" content=\"2020-07-15T15:43:17+00:00\" \/>\n<meta name=\"twitter:card\" content=\"summary_large_image\" \/>\n<meta name=\"twitter:label1\" content=\"Predpokladan\u00fd \u010das \u010d\u00edtania\" \/>\n\t<meta name=\"twitter:data1\" content=\"4 min\u00faty\" \/>\n<script type=\"application\/ld+json\" class=\"yoast-schema-graph\">{\"@context\":\"https:\/\/schema.org\",\"@graph\":[{\"@type\":\"WebPage\",\"@id\":\"https:\/\/superbenek.eu\/sk\/ponuka-pre-macky\/silikonove-podstielky\/\",\"url\":\"https:\/\/superbenek.eu\/sk\/ponuka-pre-macky\/silikonove-podstielky\/\",\"name\":\"Silik\u00f3nov\u00e9 podstielky - Super Benek\",\"isPartOf\":{\"@id\":\"https:\/\/superbenek.eu\/sk\/#website\"},\"datePublished\":\"2019-11-11T12:45:17+00:00\",\"dateModified\":\"2020-07-15T15:43:17+00:00\",\"breadcrumb\":{\"@id\":\"https:\/\/superbenek.eu\/sk\/ponuka-pre-macky\/silikonove-podstielky\/#breadcrumb\"},\"inLanguage\":\"sk-SK\",\"potentialAction\":[{\"@type\":\"ReadAction\",\"target\":[\"https:\/\/superbenek.eu\/sk\/ponuka-pre-macky\/silikonove-podstielky\/\"]}]},{\"@type\":\"BreadcrumbList\",\"@id\":\"https:\/\/superbenek.eu\/sk\/ponuka-pre-macky\/silikonove-podstielky\/#breadcrumb\",\"itemListElement\":[{\"@type\":\"ListItem\",\"position\":1,\"name\":\"Strona g\u0142\u00f3wna\",\"item\":\"https:\/\/superbenek.eu\/sk\/\"},{\"@type\":\"ListItem\",\"position\":2,\"name\":\"PONUKA PRE MA\u010cKY\",\"item\":\"https:\/\/superbenek.eu\/sk\/ponuka-pre-macky\/\"},{\"@type\":\"ListItem\",\"position\":3,\"name\":\"Silik\u00f3nov\u00e9 podstielky\"}]},{\"@type\":\"WebSite\",\"@id\":\"https:\/\/superbenek.eu\/sk\/#website\",\"url\":\"https:\/\/superbenek.eu\/sk\/\",\"name\":\"Super Benek\",\"description\":\"Super Benek\",\"potentialAction\":[{\"@type\":\"SearchAction\",\"target\":{\"@type\":\"EntryPoint\",\"urlTemplate\":\"https:\/\/superbenek.eu\/sk\/?s={search_term_string}\"},\"query-input\":\"required name=search_term_string\"}],\"inLanguage\":\"sk-SK\"}]}<\/script>\n<!-- \/ Yoast SEO plugin. -->","yoast_head_json":{"title":"Silik\u00f3nov\u00e9 podstielky - Super Benek","robots":{"index":"index","follow":"follow","max-snippet":"max-snippet:-1","max-image-preview":"max-image-preview:large","max-video-preview":"max-video-preview:-1"},"canonical":"https:\/\/superbenek.eu\/sk\/ponuka-pre-macky\/silikonove-podstielky\/","og_locale":"sk_SK","og_type":"article","og_title":"Silik\u00f3nov\u00e9 podstielky - Super Benek","og_description":"Podstielka pre ma\u010dky vyroben\u00e1 zo silik\u00f3nu V\u00fdhody silik\u00f3novej podstielky Silik\u00f3nov\u00e1 podstielka nehrudkuje. Pohlcuje tekutinu cel\u00fdm svoj\u00edm povrchom, ktor\u00fa uzatv\u00e1ra vo svojej \u0161trukt\u00fare, a teda nie je potrebn\u00e9 odstra\u0148ova\u0165 a dosyp\u00e1va\u0165 podstielku zaka\u017ed\u00fdm, ako ma\u010dka pou\u017eije toaletu. Podstielka nie je pra\u0161n\u00e1 a odpor\u00fa\u010da sa najm\u00e4 pre ma\u010dky s alergiami Dreven\u00e1 podstielka je ve\u013emi \u013eahk\u00e1, a z\u00e1rove\u0148 [&hellip;]","og_url":"https:\/\/superbenek.eu\/sk\/ponuka-pre-macky\/silikonove-podstielky\/","og_site_name":"Super Benek","article_modified_time":"2020-07-15T15:43:17+00:00","twitter_card":"summary_large_image","twitter_misc":{"Predpokladan\u00fd \u010das \u010d\u00edtania":"4 min\u00faty"},"schema":{"@context":"https:\/\/schema.org","@graph":[{"@type":"WebPage","@id":"https:\/\/superbenek.eu\/sk\/ponuka-pre-macky\/silikonove-podstielky\/","url":"https:\/\/superbenek.eu\/sk\/ponuka-pre-macky\/silikonove-podstielky\/","name":"Silik\u00f3nov\u00e9 podstielky - Super Benek","isPartOf":{"@id":"https:\/\/superbenek.eu\/sk\/#website"},"datePublished":"2019-11-11T12:45:17+00:00","dateModified":"2020-07-15T15:43:17+00:00","breadcrumb":{"@id":"https:\/\/superbenek.eu\/sk\/ponuka-pre-macky\/silikonove-podstielky\/#breadcrumb"},"inLanguage":"sk-SK","potentialAction":[{"@type":"ReadAction","target":["https:\/\/superbenek.eu\/sk\/ponuka-pre-macky\/silikonove-podstielky\/"]}]},{"@type":"BreadcrumbList","@id":"https:\/\/superbenek.eu\/sk\/ponuka-pre-macky\/silikonove-podstielky\/#breadcrumb","itemListElement":[{"@type":"ListItem","position":1,"name":"Strona g\u0142\u00f3wna","item":"https:\/\/superbenek.eu\/sk\/"},{"@type":"ListItem","position":2,"name":"PONUKA PRE MA\u010cKY","item":"https:\/\/superbenek.eu\/sk\/ponuka-pre-macky\/"},{"@type":"ListItem","position":3,"name":"Silik\u00f3nov\u00e9 podstielky"}]},{"@type":"WebSite","@id":"https:\/\/superbenek.eu\/sk\/#website","url":"https:\/\/superbenek.eu\/sk\/","name":"Super Benek","description":"Super Benek","potentialAction":[{"@type":"SearchAction","target":{"@type":"EntryPoint","urlTemplate":"https:\/\/superbenek.eu\/sk\/?s={search_term_string}"},"query-input":"required name=search_term_string"}],"inLanguage":"sk-SK"}]}},"_links":{"self":[{"href":"https:\/\/superbenek.eu\/sk\/wp-json\/wp\/v2\/pages\/153"}],"collection":[{"href":"https:\/\/superbenek.eu\/sk\/wp-json\/wp\/v2\/pages"}],"about":[{"href":"https:\/\/superbenek.eu\/sk\/wp-json\/wp\/v2\/types\/page"}],"author":[{"embeddable":true,"href":"https:\/\/superbenek.eu\/sk\/wp-json\/wp\/v2\/users\/1"}],"replies":[{"embeddable":true,"href":"https:\/\/superbenek.eu\/sk\/wp-json\/wp\/v2\/comments?post=153"}],"version-history":[{"count":15,"href":"https:\/\/superbenek.eu\/sk\/wp-json\/wp\/v2\/pages\/153\/revisions"}],"predecessor-version":[{"id":796,"href":"https:\/\/superbenek.eu\/sk\/wp-json\/wp\/v2\/pages\/153\/revisions\/796"}],"up":[{"embeddable":true,"href":"https:\/\/superbenek.eu\/sk\/wp-json\/wp\/v2\/pages\/11"}],"wp:attachment":[{"href":"https:\/\/superbenek.eu\/sk\/wp-json\/wp\/v2\/media?parent=153"}],"curies":[{"name":"wp","href":"https:\/\/api.w.org\/{rel}","templated":true}]}}