{"id":17,"date":"2019-11-08T17:49:14","date_gmt":"2019-11-08T16:49:14","guid":{"rendered":"http:\/\/benek.wizim.eu\/?page_id=17"},"modified":"2020-09-09T11:17:08","modified_gmt":"2020-09-09T09:17:08","slug":"kontakt","status":"publish","type":"page","link":"https:\/\/superbenek.eu\/sk\/kontakt\/","title":{"rendered":"KONTAKT"},"content":{"rendered":"<!--[container_effect]--> <div class=\"container-effect container  bd-containereffect-1703966996 \"><!--{content}-->    <!--[columns]-->\n        <style>\n.bd-layoutcontainer-84037077  > .bd-container-inner > .container-fluid:after{display:none;}<\/style><style>.bd-layoutcontainer-84037077 > .bd-container-inner > .container-fluid {padding-left: 0; padding-right: 0;}<\/style>        <style>\n.bd-layoutcolumn-1062280833{padding:20px;}\n\n.bd-layoutcolumn-1576951203{padding:20px;}<\/style>        <div class=\" bd-layoutcontainer-84037077  bd-columns bd-no-margins\">\n            <div class=\"bd-container-inner\">\n                <div class=\"container-fluid\">\n                    <div class=\"row\">\n                        <!--{content}-->\n                                <!--[column]-->\n        <div class=\"col-sm-4 bd-columnwrapper-1062280833\">\n            <div class=\"bd-column  bd-layoutcolumn-1062280833 \">\n                <div class=\"bd-vertical-align-wrapper\">\n                    <!--{content}-->\n                            <!--[text]-->\n        <style>\n.additional-class-2021756756{\n\tline-height:  34.2857143px;\n\tfont-size:  24px;\n}\n<\/style>        <p class=\" additional-class-2021756756  bd-content-element\">\n            <!--{content}-->\n                BENOX            <!--{\/content}-->\n        <\/p>\n    <!--[\/text]-->\n\r\n\r\n<!--[image]--><style>\n.additional-class-462316264{width:250px;}<\/style><img src=\"http:\/\/superbenek.eu\/sk\/wp-content\/uploads\/2020\/09\/benox.jpg\" class=\" additional-class-462316264   bd-imagestyles bd-own-margins\"><!--{content}--><!--{\/content}--><!--[\/image]-->\r\n\r\n<!--[layoutbox]--><style>\n.additional-class-1861973725{padding-bottom:15px;padding-top:15px;margin-bottom:5px;margin-top:5px;border-right-width:0px;border-right-style:none;border-left-width:0px;border-left-style:none;border-top:1px solid #ededed;border-bottom:1px solid #ededed;}<\/style><div class=\"clearfix  additional-class-1861973725  bd-no-margins\"><div class=\"bd-container-inner\"><!--{content}--><!--[icon]--><style>\n.additional-class-614978073{float:left;margin-right:25px;margin-bottom:10px;margin-top:10px;}<\/style><style>.additional-class-614978073 {\n                    text-decoration: inherit;\n\t                display: inline-block;\n\t                speak: none;\n\t            }\n\n                .additional-class-614978073:before {\n                    font-family: 'Billion Web Font';\n\t                font-style: normal;\n\t                font-weight: normal;\n\t                text-decoration: inherit;\n\t                text-align: center;\n\t                text-transform: none;\n\t                width: 1em;\n                }.additional-class-614978073:before { content: '\\129'; }.additional-class-614978073:before {width: auto; visibility: inherit;}.additional-class-614978073:before{display: inline-block;}<\/style><style>\n.additional-class-614978073:before{font-size:24px;color:#ff6060;line-height:34.2857143px;}<\/style><style>.additional-class-614978073:before{line-height: 24px;}<\/style><style>.additional-class-614978073:before {\n        vertical-align: middle;\n        text-decoration: none;\n    }<\/style><style>.additional-class-614978073:hover {\n                    text-decoration: inherit;\n\t                display: inline-block;\n\t                speak: none;\n\t            }\n\n                .additional-class-614978073:hover:before {\n                    font-family: 'Billion Web Font';\n\t                font-style: normal;\n\t                font-weight: normal;\n\t                text-decoration: inherit;\n\t                text-align: center;\n\t                text-transform: none;\n\t                width: 1em;\n                }.additional-class-614978073:hover:before {width: auto; visibility: inherit;}.additional-class-614978073:hover:before{display: inline-block;}<\/style><style>.additional-class-614978073:hover:before {\n        vertical-align: middle;\n        text-decoration: none;\n    }<\/style><span class=\"bd-icon  additional-class-614978073  bd-no-margins bd-own-margins\"><!--{content}--><!--{\/content}--><\/span><!--[\/icon]-->\r\n\r\n    <!--[text]-->\n                <p class=\" additional-class-793900345  bd-content-element\">\n            <!--{content}-->\n                Adresa:\r\nBansk\u00e1 Bystrica, Stavebn\u00e1 23D, 974 01, Slovakia            <!--{\/content}-->\n        <\/p>\n    <!--[\/text]-->\n<!--{\/content}--><\/div><\/div><!--[\/layoutbox]-->\r\n\r\n<!--[layoutbox]--><style>\n.additional-class-2107507493{padding-bottom:15px;padding-top:15px;margin-bottom:5px;margin-top:5px;border-right-width:0px;border-right-style:none;border-left-width:0px;border-left-style:none;border-top:1px solid #ededed;border-bottom:1px solid #ededed;}<\/style><div class=\"clearfix  additional-class-2107507493  bd-no-margins\"><div class=\"bd-container-inner\"><!--{content}--><!--[icon]--><style>\n.additional-class-1692667920{float:left;margin-right:25px;margin-bottom:10px;margin-top:10px;}<\/style><style>.additional-class-1692667920 {\n                    text-decoration: inherit;\n\t                display: inline-block;\n\t                speak: none;\n\t            }\n\n                .additional-class-1692667920:before {\n                    font-family: 'Billion Web Font';\n\t                font-style: normal;\n\t                font-weight: normal;\n\t                text-decoration: inherit;\n\t                text-align: center;\n\t                text-transform: none;\n\t                width: 1em;\n                }.additional-class-1692667920:before { content: '\\288'; }.additional-class-1692667920:before {width: auto; visibility: inherit;}.additional-class-1692667920:before{display: inline-block;}<\/style><style>\n.additional-class-1692667920:before{font-size:24px;color:#ff6060;line-height:34.2857143px;}<\/style><style>.additional-class-1692667920:before{line-height: 24px;}<\/style><style>.additional-class-1692667920:before {\n        vertical-align: middle;\n        text-decoration: none;\n    }<\/style><style>.additional-class-1692667920:hover {\n                    text-decoration: inherit;\n\t                display: inline-block;\n\t                speak: none;\n\t            }\n\n                .additional-class-1692667920:hover:before {\n                    font-family: 'Billion Web Font';\n\t                font-style: normal;\n\t                font-weight: normal;\n\t                text-decoration: inherit;\n\t                text-align: center;\n\t                text-transform: none;\n\t                width: 1em;\n                }.additional-class-1692667920:hover:before {width: auto; visibility: inherit;}.additional-class-1692667920:hover:before{display: inline-block;}<\/style><style>.additional-class-1692667920:hover:before {\n        vertical-align: middle;\n        text-decoration: none;\n    }<\/style><span class=\"bd-icon  additional-class-1692667920  bd-no-margins bd-own-margins\"><!--{content}--><!--{\/content}--><\/span><!--[\/icon]-->\r\n\r\n    <!--[text]-->\n                <p class=\" additional-class-974086945  bd-content-element\">\n            <!--{content}-->\n                Telef\u00f3n:\r\n+421 948 211 798            <!--{\/content}-->\n        <\/p>\n    <!--[\/text]-->\n<!--{\/content}--><\/div><\/div><!--[\/layoutbox]-->\r\n\r\n<!--[layoutbox]--><style>\n.additional-class-450623776{padding-bottom:15px;padding-top:15px;margin-bottom:5px;margin-top:5px;border-right-width:0px;border-right-style:none;border-left-width:0px;border-left-style:none;border-top:1px solid #ededed;border-bottom:1px solid #ededed;}<\/style><div class=\"clearfix  additional-class-450623776  bd-no-margins\"><div class=\"bd-container-inner\"><!--{content}--><!--[icon]--><style>\n.additional-class-1782117911{float:left;margin-right:25px;margin-bottom:10px;margin-top:10px;}<\/style><style>.additional-class-1782117911 {\n                    text-decoration: inherit;\n\t                display: inline-block;\n\t                speak: none;\n\t            }\n\n                .additional-class-1782117911:before {\n                    font-family: 'Billion Web Font';\n\t                font-style: normal;\n\t                font-weight: normal;\n\t                text-decoration: inherit;\n\t                text-align: center;\n\t                text-transform: none;\n\t                width: 1em;\n                }.additional-class-1782117911:before { content: '\\157'; }.additional-class-1782117911:before {width: auto; visibility: inherit;}.additional-class-1782117911:before{display: inline-block;}<\/style><style>\n.additional-class-1782117911:before{font-size:24px;color:#ff6060;line-height:34.2857143px;}<\/style><style>.additional-class-1782117911:before{line-height: 24px;}<\/style><style>.additional-class-1782117911:before {\n        vertical-align: middle;\n        text-decoration: none;\n    }<\/style><style>.additional-class-1782117911:hover {\n                    text-decoration: inherit;\n\t                display: inline-block;\n\t                speak: none;\n\t            }\n\n                .additional-class-1782117911:hover:before {\n                    font-family: 'Billion Web Font';\n\t                font-style: normal;\n\t                font-weight: normal;\n\t                text-decoration: inherit;\n\t                text-align: center;\n\t                text-transform: none;\n\t                width: 1em;\n                }.additional-class-1782117911:hover:before {width: auto; visibility: inherit;}.additional-class-1782117911:hover:before{display: inline-block;}<\/style><style>.additional-class-1782117911:hover:before {\n        vertical-align: middle;\n        text-decoration: none;\n    }<\/style><span class=\"bd-icon  additional-class-1782117911  bd-no-margins bd-own-margins\"><!--{content}--><!--{\/content}--><\/span><!--[\/icon]-->\r\n\r\n    <!--[text]-->\n                <p class=\" additional-class-27389714  bd-content-element\">\n            <!--{content}-->\n                E-mailov\u00e1 adresa:\r\n<a class=\"v1moz-txt-link-abbreviated\" href=\"mailto:info@benox.sk\" rel=\"noreferrer\">info@benox.sk<\/a>            <!--{\/content}-->\n        <\/p>\n    <!--[\/text]-->\n<!--{\/content}--><\/div><\/div><!--[\/layoutbox]-->\r\n\r\n<!--[layoutbox]--><style>\n.additional-class-1130735659{padding-bottom:15px;padding-top:15px;margin-bottom:5px;margin-top:5px;border-right-width:0px;border-right-style:none;border-left-width:0px;border-left-style:none;border-top:1px solid #ededed;border-bottom:1px solid #ededed;}<\/style><div class=\"clearfix  additional-class-1130735659  bd-no-margins\"><div class=\"bd-container-inner\"><!--{content}--><!--[icon]--><style>\n.additional-class-199557155{float:left;margin-right:25px;margin-bottom:10px;margin-top:10px;}<\/style><style>.additional-class-199557155 {\n                    text-decoration: inherit;\n\t                display: inline-block;\n\t                speak: none;\n\t            }\n\n                .additional-class-199557155:before {\n                    font-family: 'Billion Web Font';\n\t                font-style: normal;\n\t                font-weight: normal;\n\t                text-decoration: inherit;\n\t                text-align: center;\n\t                text-transform: none;\n\t                width: 1em;\n                }.additional-class-199557155:before { content: '\\1df'; }.additional-class-199557155:before {width: auto; visibility: inherit;}.additional-class-199557155:before{display: inline-block;}<\/style><style>\n.additional-class-199557155:before{font-size:24px;color:#ff6060;line-height:34.2857143px;}<\/style><style>.additional-class-199557155:before{line-height: 24px;}<\/style><style>.additional-class-199557155:before {\n        vertical-align: middle;\n        text-decoration: none;\n    }<\/style><style>.additional-class-199557155:hover {\n                    text-decoration: inherit;\n\t                display: inline-block;\n\t                speak: none;\n\t            }\n\n                .additional-class-199557155:hover:before {\n                    font-family: 'Billion Web Font';\n\t                font-style: normal;\n\t                font-weight: normal;\n\t                text-decoration: inherit;\n\t                text-align: center;\n\t                text-transform: none;\n\t                width: 1em;\n                }.additional-class-199557155:hover:before {width: auto; visibility: inherit;}.additional-class-199557155:hover:before{display: inline-block;}<\/style><style>.additional-class-199557155:hover:before {\n        vertical-align: middle;\n        text-decoration: none;\n    }<\/style><span class=\"bd-icon  additional-class-199557155  bd-no-margins bd-own-margins\"><!--{content}--><!--{\/content}--><\/span><!--[\/icon]-->\r\n\r\n    <!--[text]-->\n                <p class=\" additional-class-13715197  bd-content-element\">\n            <!--{content}-->\n                Faktura\u010dn\u00e9 \u00fadaje:\r\nDI\u010c: SK 2021584345<br \/> I\u010cO: 36049221            <!--{\/content}-->\n        <\/p>\n    <!--[\/text]-->\n<!--{\/content}--><\/div><\/div><!--[\/layoutbox]-->                    <!--{\/content}-->\n                <\/div>\n            <\/div>\n        <\/div>\n    <!--[\/column]-->\n\r\n\r\n    <!--[column]-->\n        <div class=\"col-sm-8 bd-columnwrapper-1576951203\">\n            <div class=\"bd-column  bd-layoutcolumn-1576951203 \">\n                <div class=\"bd-vertical-align-wrapper\">\n                    <!--{content}-->\n                            <!--[text]-->\n        <style>\n.additional-class-1534945968{\n\tline-height:  34.2857143px;\n\tfont-size:  24px;\n}\n<\/style>        <p class=\" additional-class-1534945968  bd-content-element\">\n            <!--{content}-->\n                Kontaktn\u00fd formul\u00e1r            <!--{\/content}-->\n        <\/p>\n    <!--[\/text]-->\n\r\n\r\n\n    <!--[separator]-->\n    <style>\n.bd-separator-2047584334{margin-bottom:25px;padding:10px 0px;}<\/style>        <style>\n.bd-separator-2047584334 .bd-separator-inner:before, .bd-separator-2047584334 .bd-separator-inner:after{border-top:1px solid #dddddd;}<\/style>    <style>\n.bd-separator-2047584334 .bd-separator-inner{width:100%;}<\/style>\n    <div class=\" bd-separator-2047584334  bd-separator-center bd-separator-content-center clearfix\">\n        <div class=\"bd-container-inner\">\n            <div class=\"bd-separator-inner\">\n                                <!--{content}--><!--{\/content}-->\n            <\/div>\n        <\/div>\n    <\/div>\n    <!--[\/separator]-->\n\n    \r\n\r\n    <!--[text]-->\n                <p class=\" additional-class-347348827  bd-content-element\">\n            <!--{content}-->\n                <div class=\"wpcf7 no-js\" id=\"wpcf7-f70-o1\" lang=\"pl-PL\" dir=\"ltr\">\n<div class=\"screen-reader-response\"><p role=\"status\" aria-live=\"polite\" aria-atomic=\"true\"><\/p> <ul><\/ul><\/div>\n<form action=\"\/sk\/wp-json\/wp\/v2\/pages\/17#wpcf7-f70-o1\" method=\"post\" class=\"wpcf7-form init\" aria-label=\"Contact form\" novalidate=\"novalidate\" data-status=\"init\">\n<div style=\"display: none;\">\n<input type=\"hidden\" name=\"_wpcf7\" value=\"70\" \/>\n<input type=\"hidden\" name=\"_wpcf7_version\" value=\"5.7.1\" \/>\n<input type=\"hidden\" name=\"_wpcf7_locale\" value=\"pl_PL\" \/>\n<input type=\"hidden\" name=\"_wpcf7_unit_tag\" value=\"wpcf7-f70-o1\" \/>\n<input type=\"hidden\" name=\"_wpcf7_container_post\" value=\"0\" \/>\n<input type=\"hidden\" name=\"_wpcf7_posted_data_hash\" value=\"\" \/>\n<\/div>\n<div class=\"row\">\n\t<div class=\"col-xs-12 col-sm-12 col-md-4 col-lg-6\">\n\t\t<p><label> Meno a priezvisko (povinn\u00e9)<br \/>\n<span class=\"wpcf7-form-control-wrap\" data-name=\"your-name\"><input size=\"40\" class=\"wpcf7-form-control wpcf7-text wpcf7-validates-as-required\" aria-required=\"true\" aria-invalid=\"false\" value=\"\" type=\"text\" name=\"your-name\" \/><\/span> <\/label>\n\t\t<\/p>\n\t\t<p><label> E-mailov\u00e1 adresa (povinn\u00e9)<br \/>\n<span class=\"wpcf7-form-control-wrap\" data-name=\"your-email\"><input size=\"40\" class=\"wpcf7-form-control wpcf7-text wpcf7-email wpcf7-validates-as-required wpcf7-validates-as-email\" aria-required=\"true\" aria-invalid=\"false\" value=\"\" type=\"email\" name=\"your-email\" \/><\/span> <\/label>\n\t\t<\/p>\n\t\t<p><label> T\u00e9ma<br \/>\n<span class=\"wpcf7-form-control-wrap\" data-name=\"your-subject\"><input size=\"40\" class=\"wpcf7-form-control wpcf7-text\" aria-invalid=\"false\" value=\"\" type=\"text\" name=\"your-subject\" \/><\/span> <\/label>\n\t\t<\/p>\n\t<\/div>\n\t<div class=\"col-xs-12 col-sm-12 col-md-4 col-lg-4\">\n\t\t<p><label> Obsah spr\u00e1vy<br \/>\n<span class=\"wpcf7-form-control-wrap\" data-name=\"your-message\"><textarea cols=\"40\" rows=\"10\" class=\"wpcf7-form-control wpcf7-textarea\" aria-invalid=\"false\" name=\"your-message\"><\/textarea><\/span> <\/label>\n\t\t<\/p>\n\t<\/div>\n<\/div>\n<p><input class=\"wpcf7-form-control has-spinner wpcf7-submit\" type=\"submit\" value=\"Posla\u0165 spr\u00e1vu\" \/>\n<\/p><div class=\"wpcf7-response-output\" aria-hidden=\"true\"><\/div><\/form><\/div>            <!--{\/content}-->\n        <\/p>\n    <!--[\/text]-->\n                    <!--{\/content}-->\n                <\/div>\n            <\/div>\n        <\/div>\n    <!--[\/column]-->\n                        <!--{\/content}-->\n                    <\/div>\n                <\/div>\n            <\/div>\n        <\/div>\n    <!--[\/columns]-->\n<!--{\/content}--><\/div><!--[\/container_effect]-->\n<!--[fluid]--><!--{content}-->    <!--[section]-->\n\t\t\t\t<section id=section24 class=\" bd-section-383320021 bd-page-width  bd-tagstyles\" data-section-title=\"Section\">\n\t\t\t<div class=\"bd-container-inner bd-margins clearfix\">\n\t\t\t\t<!--{content}-->\n\t\t\t\t\t    <!--[googlemap]-->\n        <style>\n            .additional-class-98058146 {\n                height: 300px;\n                width: 100%;\n                display: block;\n            }\n        <\/style>\n        <style>\n.additional-class-98058146{height:450px;width:100%;display:block;margin-top:50px;}<\/style>        <div class=\"bd-imagestyles  additional-class-98058146  bd-own-margins\">\n            <div class=\"embed-responsive\" style=\"height: 100%; width: 100%;\">\n                <iframe class=\"embed-responsive-item\" src=\"\/\/maps.google.com\/maps?output=embed&q=Bansk\u00e1 Bystrica, Stavebn\u00e1 23D&z=10&t=m\">\n                <\/iframe>\n            <\/div>\n        <\/div>\n    <!--[\/googlemap]-->\n\t\t\t\t<!--{\/content}-->\n\t\t\t<\/div>\n\t\t<\/section>\n\t<!--[\/section]-->\n<!--{\/content}--><!--[\/fluid]-->\n","protected":false},"excerpt":{"rendered":"","protected":false},"author":1,"featured_media":0,"parent":0,"menu_order":0,"comment_status":"closed","ping_status":"closed","template":"","meta":[],"yoast_head":"<!-- This site is optimized with the Yoast SEO plugin v19.12 - https:\/\/yoast.com\/wordpress\/plugins\/seo\/ -->\n<title>KONTAKT - Super Benek<\/title>\n<meta name=\"robots\" content=\"index, follow, max-snippet:-1, max-image-preview:large, max-video-preview:-1\" \/>\n<link rel=\"canonical\" href=\"https:\/\/superbenek.eu\/sk\/kontakt\/\" \/>\n<meta property=\"og:locale\" content=\"sk_SK\" \/>\n<meta property=\"og:type\" content=\"article\" \/>\n<meta property=\"og:title\" content=\"KONTAKT - Super Benek\" \/>\n<meta property=\"og:url\" content=\"https:\/\/superbenek.eu\/sk\/kontakt\/\" \/>\n<meta property=\"og:site_name\" content=\"Super Benek\" \/>\n<meta property=\"article:modified_time\" content=\"2020-09-09T09:17:08+00:00\" \/>\n<meta name=\"twitter:card\" content=\"summary_large_image\" \/>\n<meta name=\"twitter:label1\" content=\"Predpokladan\u00fd \u010das \u010d\u00edtania\" \/>\n\t<meta name=\"twitter:data1\" content=\"2 min\u00faty\" \/>\n<script type=\"application\/ld+json\" class=\"yoast-schema-graph\">{\"@context\":\"https:\/\/schema.org\",\"@graph\":[{\"@type\":\"WebPage\",\"@id\":\"https:\/\/superbenek.eu\/sk\/kontakt\/\",\"url\":\"https:\/\/superbenek.eu\/sk\/kontakt\/\",\"name\":\"KONTAKT - Super Benek\",\"isPartOf\":{\"@id\":\"https:\/\/superbenek.eu\/sk\/#website\"},\"datePublished\":\"2019-11-08T16:49:14+00:00\",\"dateModified\":\"2020-09-09T09:17:08+00:00\",\"breadcrumb\":{\"@id\":\"https:\/\/superbenek.eu\/sk\/kontakt\/#breadcrumb\"},\"inLanguage\":\"sk-SK\",\"potentialAction\":[{\"@type\":\"ReadAction\",\"target\":[\"https:\/\/superbenek.eu\/sk\/kontakt\/\"]}]},{\"@type\":\"BreadcrumbList\",\"@id\":\"https:\/\/superbenek.eu\/sk\/kontakt\/#breadcrumb\",\"itemListElement\":[{\"@type\":\"ListItem\",\"position\":1,\"name\":\"Strona g\u0142\u00f3wna\",\"item\":\"https:\/\/superbenek.eu\/sk\/\"},{\"@type\":\"ListItem\",\"position\":2,\"name\":\"KONTAKT\"}]},{\"@type\":\"WebSite\",\"@id\":\"https:\/\/superbenek.eu\/sk\/#website\",\"url\":\"https:\/\/superbenek.eu\/sk\/\",\"name\":\"Super Benek\",\"description\":\"Super Benek\",\"potentialAction\":[{\"@type\":\"SearchAction\",\"target\":{\"@type\":\"EntryPoint\",\"urlTemplate\":\"https:\/\/superbenek.eu\/sk\/?s={search_term_string}\"},\"query-input\":\"required name=search_term_string\"}],\"inLanguage\":\"sk-SK\"}]}<\/script>\n<!-- \/ Yoast SEO plugin. -->","yoast_head_json":{"title":"KONTAKT - Super Benek","robots":{"index":"index","follow":"follow","max-snippet":"max-snippet:-1","max-image-preview":"max-image-preview:large","max-video-preview":"max-video-preview:-1"},"canonical":"https:\/\/superbenek.eu\/sk\/kontakt\/","og_locale":"sk_SK","og_type":"article","og_title":"KONTAKT - Super Benek","og_url":"https:\/\/superbenek.eu\/sk\/kontakt\/","og_site_name":"Super Benek","article_modified_time":"2020-09-09T09:17:08+00:00","twitter_card":"summary_large_image","twitter_misc":{"Predpokladan\u00fd \u010das \u010d\u00edtania":"2 min\u00faty"},"schema":{"@context":"https:\/\/schema.org","@graph":[{"@type":"WebPage","@id":"https:\/\/superbenek.eu\/sk\/kontakt\/","url":"https:\/\/superbenek.eu\/sk\/kontakt\/","name":"KONTAKT - Super Benek","isPartOf":{"@id":"https:\/\/superbenek.eu\/sk\/#website"},"datePublished":"2019-11-08T16:49:14+00:00","dateModified":"2020-09-09T09:17:08+00:00","breadcrumb":{"@id":"https:\/\/superbenek.eu\/sk\/kontakt\/#breadcrumb"},"inLanguage":"sk-SK","potentialAction":[{"@type":"ReadAction","target":["https:\/\/superbenek.eu\/sk\/kontakt\/"]}]},{"@type":"BreadcrumbList","@id":"https:\/\/superbenek.eu\/sk\/kontakt\/#breadcrumb","itemListElement":[{"@type":"ListItem","position":1,"name":"Strona g\u0142\u00f3wna","item":"https:\/\/superbenek.eu\/sk\/"},{"@type":"ListItem","position":2,"name":"KONTAKT"}]},{"@type":"WebSite","@id":"https:\/\/superbenek.eu\/sk\/#website","url":"https:\/\/superbenek.eu\/sk\/","name":"Super Benek","description":"Super Benek","potentialAction":[{"@type":"SearchAction","target":{"@type":"EntryPoint","urlTemplate":"https:\/\/superbenek.eu\/sk\/?s={search_term_string}"},"query-input":"required name=search_term_string"}],"inLanguage":"sk-SK"}]}},"_links":{"self":[{"href":"https:\/\/superbenek.eu\/sk\/wp-json\/wp\/v2\/pages\/17"}],"collection":[{"href":"https:\/\/superbenek.eu\/sk\/wp-json\/wp\/v2\/pages"}],"about":[{"href":"https:\/\/superbenek.eu\/sk\/wp-json\/wp\/v2\/types\/page"}],"author":[{"embeddable":true,"href":"https:\/\/superbenek.eu\/sk\/wp-json\/wp\/v2\/users\/1"}],"replies":[{"embeddable":true,"href":"https:\/\/superbenek.eu\/sk\/wp-json\/wp\/v2\/comments?post=17"}],"version-history":[{"count":18,"href":"https:\/\/superbenek.eu\/sk\/wp-json\/wp\/v2\/pages\/17\/revisions"}],"predecessor-version":[{"id":878,"href":"https:\/\/superbenek.eu\/sk\/wp-json\/wp\/v2\/pages\/17\/revisions\/878"}],"wp:attachment":[{"href":"https:\/\/superbenek.eu\/sk\/wp-json\/wp\/v2\/media?parent=17"}],"curies":[{"name":"wp","href":"https:\/\/api.w.org\/{rel}","templated":true}]}}