{"id":51,"date":"2019-11-08T17:52:32","date_gmt":"2019-11-08T16:52:32","guid":{"rendered":"http:\/\/benek.wizim.eu\/?page_id=51"},"modified":"2020-08-31T15:33:29","modified_gmt":"2020-08-31T13:33:29","slug":"o-nas","status":"publish","type":"page","link":"https:\/\/superbenek.eu\/sk\/o-nas\/","title":{"rendered":"O N\u00c1S"},"content":{"rendered":"<!--[container_effect]--> <div class=\"container-effect container  bd-containereffect-2103996737 \"><!--{content}-->    <!--[columns]-->\n        <style>\n.bd-layoutcontainer-717077474 > .bd-container-inner > .container-fluid > .row{margin-left:-25px;margin-right:-25px;}\n.bd-layoutcontainer-717077474 > .bd-container-inner > .container-fluid > .row > div{padding-left:25px;padding-right:25px;}\n.bd-layoutcontainer-717077474  > .bd-container-inner > .container-fluid:after{display:none;}<\/style><style>.bd-layoutcontainer-717077474 > .bd-container-inner > .container-fluid {padding-left: 0; padding-right: 0;}<\/style>        <style>\n.bd-layoutcolumn-303766229{padding-bottom:3em;padding-top:3em;}\n\n.bd-layoutcolumn-1160738985{padding-bottom:3em;padding-top:3em;}<\/style>        <div class=\" bd-layoutcontainer-717077474  bd-columns bd-no-margins\">\n            <div class=\"bd-container-inner\">\n                <div class=\"container-fluid\">\n                    <div class=\"row\">\n                        <!--{content}-->\n                                <!--[column]-->\n        <div class=\"col-sm-6 bd-columnwrapper-303766229\">\n            <div class=\"bd-column  bd-layoutcolumn-303766229 \">\n                <div class=\"bd-vertical-align-wrapper\">\n                    <!--{content}-->\n                        <!--[image]--><style>\n.additional-class-2124387706{width:100%;}<\/style><img src=\"\/wp-content\/uploads\/2019\/11\/1880277_bd_media_id_5c4aa659067a06e93093878ad5319dcf.png\" class=\" additional-class-2124387706   bd-imagestyles bd-own-margins\"><!--{content}--><!--{\/content}--><!--[\/image]-->                    <!--{\/content}-->\n                <\/div>\n            <\/div>\n        <\/div>\n    <!--[\/column]-->\n\r\n\r\n    <!--[column]-->\n        <div class=\"col-sm-6 bd-columnwrapper-1160738985\">\n            <div class=\"bd-column  bd-layoutcolumn-1160738985 \">\n                <div class=\"bd-vertical-align-wrapper\">\n                    <!--{content}-->\n                            <!--[text]-->\n                <p class=\" additional-class-301239715  bd-content-element\">\n            <!--{content}-->\n                Producentom zna\u010dky Super Benek je firma Certech, ktor\u00e1 u\u017e 25 rokov p\u00f4sob\u00ed v zoologickej bran\u017ei a pon\u00faka z\u00e1kazn\u00edkom najkvalitnej\u0161ie produkty, v\u010faka ktor\u00fdm maj\u00fa mo\u017enos\u0165 sa ka\u017edodenne komplexne postara\u0165 o zdravie svojich dom\u00e1cich zvieratiek.\r\nV s\u00fa\u010dasnosti zna\u010dka Super Benek produkciou pokr\u00fdva:            <!--{\/content}-->\n        <\/p>\n    <!--[\/text]-->\n\r\n\r\n    <!--[text]-->\n        <style>\nul.additional-class-1305747486{\n\tline-height:  28px;\n}\n<\/style>        <ul class=\" additional-class-1305747486  bd-content-element\">\n            <!--{content}-->\n                <ul>\r\n \t<li>podstielky pre ma\u010dky (bentonitov\u00e9, dreven\u00e9, kukuri\u010dn\u00e9 a silikag\u00e9lov\u00e9)<\/li>\r\n \t<li>neutraliz\u00e1tory a pohlcova\u010de z\u00e1pachov,<\/li>\r\n \t<li>mokr\u00e9 krmiv\u00e1,<\/li>\r\n \t<li>such\u00e9 krmiv\u00e1,<\/li>\r\n \t<li>pr\u00edpravky ur\u010den\u00e9 na starostlivos\u0165 o ma\u010dky (\u0161amp\u00f3ny, \u00fastne vody, \u0161peci\u00e1lne pachov\u00e9 pom\u00f4cky)<\/li>\r\n<\/ul>            <!--{\/content}-->\n        <\/ul>\n    <!--[\/text]-->\n\r\n\r\n<!--[button]--><style>.additional-class-1605528664 {\n                    text-decoration: inherit;\n\t                display: inline-block;\n\t                speak: none;\n\t            }\n\n                .additional-class-1605528664:before {\n                    font-family: 'Billion Web Font';\n\t                font-style: normal;\n\t                font-weight: normal;\n\t                text-decoration: inherit;\n\t                text-align: center;\n\t                text-transform: none;\n\t                width: 1em;\n                }.additional-class-1605528664:before {width: auto; visibility: inherit;}.additional-class-1605528664:before{display: inline-block;}<\/style><style>.additional-class-1605528664:before {\n        vertical-align: middle;\n        text-decoration: none;\n    }<\/style><style>.additional-class-1605528664:hover {\n                    text-decoration: inherit;\n\t                display: inline-block;\n\t                speak: none;\n\t            }\n\n                .additional-class-1605528664:hover:before {\n                    font-family: 'Billion Web Font';\n\t                font-style: normal;\n\t                font-weight: normal;\n\t                text-decoration: inherit;\n\t                text-align: center;\n\t                text-transform: none;\n\t                width: 1em;\n                }.additional-class-1605528664:hover:before {width: auto; visibility: inherit;}.additional-class-1605528664:hover:before{display: inline-block;}<\/style><style>.additional-class-1605528664:hover:before {\n        vertical-align: middle;\n        text-decoration: none;\n    }<\/style><a href=\"\/kontakt\/\" class=\"bd-button-21  additional-class-1605528664  bd-own-margins bd-content-element\"><!--{content}-->\nKontakt\n<!--{\/content}--><\/a><!--[\/button]-->                    <!--{\/content}-->\n                <\/div>\n            <\/div>\n        <\/div>\n    <!--[\/column]-->\n                        <!--{\/content}-->\n                    <\/div>\n                <\/div>\n            <\/div>\n        <\/div>\n    <!--[\/columns]-->\n<!--{\/content}--><\/div><!--[\/container_effect]-->\n<!--[background_width]--><!--{content}-->    <!--[section]-->\n\t\t<style>\n.bd-section-697615069{background-color:#f5f5f5;padding:3em 2em;}\n.bd-section-697615069{\n\ttext-align:  center;\n}\n<\/style>\t\t<section id=section7 class=\" bd-section-697615069 bd-background-width  bd-tagstyles\" data-section-title=\"Section\">\n\t\t\t<div class=\"bd-container-inner bd-margins clearfix\">\n\t\t\t\t<!--{content}-->\n\t\t\t\t\t    <!--[text]-->\n        <style>\n.additional-class-522215844{\n\tline-height:  51.42857144px;\n\tfont-size:  36px;\n\ttext-align:  center;\n}\n<\/style>        <p class=\" additional-class-522215844  bd-content-element\">\n            <!--{content}-->\n                A v\u0161etko sa za\u010dalo od podstielok...            <!--{\/content}-->\n        <\/p>\n    <!--[\/text]-->\n\r\n\r\n    <!--[text]-->\n        <style>\n.additional-class-811029397{\n\tline-height:  32px;\n\tfont-size:  16px;\n\tfont-style:  italic;\n\ttext-align:  center;\n}\n<\/style>        <p class=\" additional-class-811029397  bd-content-element\">\n            <!--{content}-->\n                Bentonitov\u00e1 podstielka Super Benek je najzn\u00e1mej\u0161\u00ed produkt z na\u0161ej ponuky. Ke\u010f sme pred 25 rokmi za\u010dali s jeho v\u00fdrobou, za hlavn\u00fd cie\u013e sme si stanovili zabezpe\u010di\u0165 kvalitu v r\u00e1mci ka\u017edej v\u00fdrobnej f\u00e1zy tak, aby fin\u00e1lny produkt sp\u013a\u0148al po\u017eiadavky spotrebite\u013eov. V\u010faka tomuto predpokladu a ka\u017edodennej snahe o jeho realiz\u00e1ciu je bentonitov\u00e1 podstielka naj\u017eiadanej\u0161ia. Technol\u00f3govia, kontrol\u00f3ri kvality a laboranti ka\u017ed\u00fd de\u0148 dohliadaj\u00fa na v\u00fdrobn\u00fd proces. \u010co je v\u0161ak d\u00f4le\u017eit\u00e9, aktivita cel\u00e9ho t\u00edmu sa nekon\u010d\u00ed pri kontrole. Sna\u017e\u00edme sa vyv\u00edja\u0165 produkty, ktor\u00e9 prines\u00fa rie\u0161enie probl\u00e9mov a po\u017eiadaviek z\u00e1kazn\u00edkov. Preto v l\u00ednii bentonitov\u00fdch podstielok Super Benek n\u00e1jdete to\u013eko variant a typov podstielok: standard, economic, compact, optimum, shaggy pre dlhosrst\u00e9 ma\u010dky, s v\u00f4\u0148ou a bez v\u00f4ne.\r\n\r\nPodstielky Super Benek v\u0161ak nemaj\u00fa len bentonitov\u00e9 zlo\u017eenie. V ponuke n\u00e1jdete aj:\r\n<ul>\r\n \t<li>dreven\u00e9 podstielky,<\/li>\r\n \t<li>silikag\u00e9lov\u00e9 podstielky,<\/li>\r\n \t<li>kukuri\u010dn\u00e9 podstielky.<\/li>\r\n<\/ul>\r\nKa\u017ed\u00fd z t\u00fdchto produktov vznikol, aby priniesol rie\u0161enie pre potreby konkr\u00e9tnej skupiny majite\u013eov ma\u010diek. Pri bentonitov\u00fdch podstielkach je najd\u00f4le\u017eitej\u0161ie zisti\u0165 kvalitu a \u00fa\u017eitkov\u00e9 vlastnosti podstielky, k\u00fdm si produkt prevezme z\u00e1kazn\u00edk. Vieme, ak\u00e9 n\u00e1ro\u010dn\u00e9 je pri obrovskom mno\u017estve inform\u00e1ci\u00ed a produktov n\u00e1js\u0165 t\u00fa najvhodnej\u0161iu podstielku pre ma\u010dky, a preto systematicky roz\u0161irujeme sortiment, aby si majitelia ma\u010diek mohli vybra\u0165 overen\u00e9 produkty, ktor\u00e9 vyr\u00e1ba zn\u00e1ma a overen\u00e1 firma.\r\n\r\nU\u017e teraz m\u00e1 Super Benek vo svojej ponuke neutraliz\u00e1tory a pohlcova\u010de z\u00e1pachov, p\u00fadre na \u010distenie ma\u010dac\u00edch toaliet, ale aj such\u00e9 a mokr\u00e9 krmiv\u00e1, ako aj kozmetick\u00e9 pr\u00edpravky.            <!--{\/content}-->\n        <\/p>\n    <!--[\/text]-->\n\r\n\r\n<!--[image]--><style>\n.additional-class-947423113{width:250px;}<\/style><img src=\"\/wp-content\/uploads\/2019\/11\/928078_bd_media_id_f758bdc054d45f619a204851cde84af4.png\" class=\" additional-class-947423113   bd-imagestyles bd-own-margins\"><!--{content}--><!--{\/content}--><!--[\/image]-->\t\t\t\t<!--{\/content}-->\n\t\t\t<\/div>\n\t\t<\/section>\n\t<!--[\/section]-->\n<!--{\/content}--><!--[\/background_width]-->\n<!--[background_width]--><!--{content}-->    <!--[section]-->\n\t\t<style>\n.bd-section-192660499{padding:3em 2em;}<\/style>\t\t<section id=section15 class=\" bd-section-192660499 bd-background-width  bd-tagstyles\" data-section-title=\"Section\">\n\t\t\t<div class=\"bd-container-inner bd-margins clearfix\">\n\t\t\t\t<!--{content}-->\n\t\t\t\t\t    <!--[columns]-->\n        <style>\n.bd-layoutcontainer-1779562663  > .bd-container-inner > .container-fluid:after{display:none;}<\/style><style>.bd-layoutcontainer-1779562663 > .bd-container-inner > .container-fluid {padding-left: 0; padding-right: 0;}<\/style>        <style>\n.bd-layoutcolumn-1737836723{padding:20px;}\n.bd-layoutcolumn-1737836723{\n\ttext-align:  center;\n}\n\n\n.bd-layoutcolumn-385696824{position:relative;padding:20px;}\n.bd-layoutcolumn-385696824{\n\ttext-align:  center;\n}\n\n\n.bd-layoutcolumn-1049625384{padding:20px;}\n.bd-layoutcolumn-1049625384{\n\ttext-align:  center;\n}\n<\/style>        <div class=\" bd-layoutcontainer-1779562663  bd-columns bd-no-margins\">\n            <div class=\"bd-container-inner\">\n                <div class=\"container-fluid\">\n                    <div class=\"row\">\n                        <!--{content}-->\n                                <!--[column]-->\n        <div class=\"col-sm-4 bd-columnwrapper-1737836723\">\n            <div class=\"bd-column  bd-layoutcolumn-1737836723 \">\n                <div class=\"bd-vertical-align-wrapper\">\n                    <!--{content}-->\n                        <!--[image]--><style>\n.additional-class-1484295911{opacity:0.5;}<\/style><img src=\"\/wp-content\/uploads\/2019\/11\/940330_bd_media_id_b86f1849e6f77d0e801d2d743cf9229b.png\" alt=\"Jako\u015b\u0107 produkt\u00f3w super benek\" class=\" additional-class-1484295911   bd-imagestyles bd-own-margins\"><!--{content}--><!--{\/content}--><!--[\/image]-->\r\n\r\n    <!--[text]-->\n        <style>\n.additional-class-1997566434{margin-bottom:15px;margin-top:15px;}\n.additional-class-1997566434{\n\tline-height:  28.57142858px;\n\tfont-size:  20px;\n}\n<\/style>        <p class=\" additional-class-1997566434  bd-content-element\">\n            <!--{content}-->\n                Najlep\u0161ia kvalita            <!--{\/content}-->\n        <\/p>\n    <!--[\/text]-->\n\r\n\r\n    <!--[text]-->\n                <p class=\" additional-class-1039209238  bd-content-element\">\n            <!--{content}-->\n                Nejde tu len o prisp\u00f4sobovanie sa zaveden\u00fdm syst\u00e9mom riadenia kvality (ISO:9001, GMP, HCCP), ale najm\u00e4 o po\u010d\u00favanie n\u00e1vrhov a po\u017eiadaviek z\u00e1kazn\u00edkov, ktor\u00ed ka\u017edodenn\u00e9 pou\u017e\u00edvaj\u00fa na\u0161e produkty, a teda najlep\u0161ie vedia, \u010do je d\u00f4le\u017eit\u00e9 pre zlep\u0161enie kvality a \u00fa\u017eitkov\u00fdch vlastnost\u00ed na\u0161ich produktov.            <!--{\/content}-->\n        <\/p>\n    <!--[\/text]-->\n                    <!--{\/content}-->\n                <\/div>\n            <\/div>\n        <\/div>\n    <!--[\/column]-->\n\r\n\r\n    <!--[column]-->\n        <div class=\"col-sm-4 bd-columnwrapper-385696824\">\n            <div class=\"bd-column  bd-layoutcolumn-385696824 \">\n                <div class=\"bd-vertical-align-wrapper\">\n                    <!--{content}-->\n                        <!--[image]--><style>\n.additional-class-241422596{opacity:0.5;}<\/style><img src=\"\/wp-content\/uploads\/2019\/11\/940326_bd_media_id_2e2ee6eba10fac83793ef15f009470d1.png\" alt=\"Jako\u015b\u0107 produkt\u00f3w super benek\" class=\" additional-class-241422596   bd-imagestyles bd-own-margins\"><!--{content}--><!--{\/content}--><!--[\/image]-->\r\n\r\n    <!--[text]-->\n        <style>\n.additional-class-1096863609{margin-bottom:15px;margin-top:15px;}\n.additional-class-1096863609{\n\tline-height:  28.57142858px;\n\tfont-size:  20px;\n}\n<\/style>        <p class=\" additional-class-1096863609  bd-content-element\">\n            <!--{content}-->\n                T\u00edm expertov            <!--{\/content}-->\n        <\/p>\n    <!--[\/text]-->\n\r\n\r\n    <!--[text]-->\n                <p class=\" additional-class-673907784  bd-content-element\">\n            <!--{content}-->\n                \u013dudia, ktor\u00ed ka\u017ed\u00fd de\u0148 v\u00e1\u0161nivo a anga\u017eovane \u2013 a \u010do je najd\u00f4le\u017eitej\u0161ie \u2013 s pr\u00edslu\u0161n\u00fdm vzdelan\u00edm pracuj\u00fa, aby produkty Super Benek boli tie najlep\u0161ie v\u00fdrobky na zoologickom trhu a aby zodpovedali potreb\u00e1m majite\u013eov ma\u010diek.            <!--{\/content}-->\n        <\/p>\n    <!--[\/text]-->\n                    <!--{\/content}-->\n                <\/div>\n            <\/div>\n        <\/div>\n    <!--[\/column]-->\n\r\n\r\n    <!--[column]-->\n        <div class=\"col-sm-4 bd-columnwrapper-1049625384\">\n            <div class=\"bd-column  bd-layoutcolumn-1049625384 \">\n                <div class=\"bd-vertical-align-wrapper\">\n                    <!--{content}-->\n                        <!--[image]--><style>\n.additional-class-1805324150{opacity:0.5;}<\/style><img src=\"\/wp-content\/uploads\/2019\/11\/940331_bd_media_id_f88108872e6fba5fdcde96c12b0b9842.png\" alt=\"Jako\u015b\u0107 produkt\u00f3w super benek\" class=\" additional-class-1805324150   bd-imagestyles bd-own-margins\"><!--{content}--><!--{\/content}--><!--[\/image]-->\r\n\r\n    <!--[text]-->\n        <style>\n.additional-class-424767384{margin-bottom:15px;margin-top:15px;}\n.additional-class-424767384{\n\tline-height:  28.57142858px;\n\tfont-size:  20px;\n}\n<\/style>        <p class=\" additional-class-424767384  bd-content-element\">\n            <!--{content}-->\n                Profesion\u00e1lne slu\u017eby z\u00e1kazn\u00edkom            <!--{\/content}-->\n        <\/p>\n    <!--[\/text]-->\n\r\n\r\n    <!--[text]-->\n                <p class=\" additional-class-1837813157  bd-content-element\">\n            <!--{content}-->\n                Sme v\u00e1m k dispoz\u00edcii, a preto nev\u00e1hajte a obr\u00e1\u0165te sa na n\u00e1s so v\u0161etk\u00fdmi ot\u00e1zkami o na\u0161ich produktoch alebo zdrav\u00ed va\u0161ich \u0161tvornoh\u00fdch mil\u00e1\u010dikov. Neprehliadnite na\u0161e pr\u00edspevky na blogu, kde sa del\u00edme o na\u0161e poznatky a sk\u00fasenosti.            <!--{\/content}-->\n        <\/p>\n    <!--[\/text]-->\n                    <!--{\/content}-->\n                <\/div>\n            <\/div>\n        <\/div>\n    <!--[\/column]-->\n                        <!--{\/content}-->\n                    <\/div>\n                <\/div>\n            <\/div>\n        <\/div>\n    <!--[\/columns]-->\n\t\t\t\t<!--{\/content}-->\n\t\t\t<\/div>\n\t\t<\/section>\n\t<!--[\/section]-->\n<!--{\/content}--><!--[\/background_width]-->\n<section class=\" bd-section-22 bd-tagstyles\" id=\"section4\" data-section-title=\"Two Thirds\">\n<div class=\"bd-container-inner bd-margins clearfix\">\n<div class=\" bd-layoutcontainer-37 bd-columns bd-no-margins\">\n<div class=\"bd-container-inner\">\n<div class=\"container-fluid\">\n<div class=\"row \n bd-row-flex \n bd-row-align-middle\"><\/p>\n<div class=\" bd-columnwrapper-116 \n col-sm-8\"><\/p>\n<div class=\"bd-layoutcolumn-116 bd-column\" >\n<div class=\"bd-vertical-align-wrapper\">\n<h1 class=\" bd-textblock-124 bd-content-element\">\nSkontaktujte sa s nami!<br \/>\n<\/h1>\n<p class=\" bd-textblock-126 bd-content-element\">\nAk m\u00e1te z\u00e1ujem o na\u0161u ponuku alebo sa chcete dozvedie\u0165 viac\n<\/p>\n<\/p><\/div>\n<\/div>\n<\/div>\n<div class=\" bd-columnwrapper-118 \n col-sm-4\"><\/p>\n<div class=\"bd-layoutcolumn-118 bd-column\" >\n<div class=\"bd-vertical-align-wrapper\">\n\t<a \n href=\"\/sk\/kontakt\/\" class=\"bd-linkbutton-19  bd-button-20 bd-icon bd-icon-100 bd-own-margins bd-content-element\"    ><br \/>\n    Kontakt<br \/>\n<\/a><\/p><\/div>\n<\/div>\n<\/div><\/div>\n<\/p><\/div>\n<\/p><\/div>\n<\/div><\/div>\n<\/section>\n","protected":false},"excerpt":{"rendered":"<p>Skontaktujte sa s nami! Ak m\u00e1te z\u00e1ujem o na\u0161u ponuku alebo sa chcete dozvedie\u0165 viac Kontakt<\/p>\n","protected":false},"author":1,"featured_media":0,"parent":0,"menu_order":0,"comment_status":"closed","ping_status":"closed","template":"","meta":[],"yoast_head":"<!-- This site is optimized with the Yoast SEO plugin v19.12 - https:\/\/yoast.com\/wordpress\/plugins\/seo\/ -->\n<title>O N\u00c1S - Super Benek<\/title>\n<meta name=\"robots\" content=\"index, follow, max-snippet:-1, max-image-preview:large, max-video-preview:-1\" \/>\n<link rel=\"canonical\" href=\"https:\/\/superbenek.eu\/sk\/o-nas\/\" \/>\n<meta property=\"og:locale\" content=\"sk_SK\" \/>\n<meta property=\"og:type\" content=\"article\" \/>\n<meta property=\"og:title\" content=\"O N\u00c1S - Super Benek\" \/>\n<meta property=\"og:description\" content=\"Skontaktujte sa s nami! Ak m\u00e1te z\u00e1ujem o na\u0161u ponuku alebo sa chcete dozvedie\u0165 viac Kontakt\" \/>\n<meta property=\"og:url\" content=\"https:\/\/superbenek.eu\/sk\/o-nas\/\" \/>\n<meta property=\"og:site_name\" content=\"Super Benek\" \/>\n<meta property=\"article:modified_time\" content=\"2020-08-31T13:33:29+00:00\" \/>\n<meta name=\"twitter:card\" content=\"summary_large_image\" \/>\n<meta name=\"twitter:label1\" content=\"Predpokladan\u00fd \u010das \u010d\u00edtania\" \/>\n\t<meta name=\"twitter:data1\" content=\"5 min\u00fat\" \/>\n<script type=\"application\/ld+json\" class=\"yoast-schema-graph\">{\"@context\":\"https:\/\/schema.org\",\"@graph\":[{\"@type\":\"WebPage\",\"@id\":\"https:\/\/superbenek.eu\/sk\/o-nas\/\",\"url\":\"https:\/\/superbenek.eu\/sk\/o-nas\/\",\"name\":\"O N\u00c1S - Super Benek\",\"isPartOf\":{\"@id\":\"https:\/\/superbenek.eu\/sk\/#website\"},\"datePublished\":\"2019-11-08T16:52:32+00:00\",\"dateModified\":\"2020-08-31T13:33:29+00:00\",\"breadcrumb\":{\"@id\":\"https:\/\/superbenek.eu\/sk\/o-nas\/#breadcrumb\"},\"inLanguage\":\"sk-SK\",\"potentialAction\":[{\"@type\":\"ReadAction\",\"target\":[\"https:\/\/superbenek.eu\/sk\/o-nas\/\"]}]},{\"@type\":\"BreadcrumbList\",\"@id\":\"https:\/\/superbenek.eu\/sk\/o-nas\/#breadcrumb\",\"itemListElement\":[{\"@type\":\"ListItem\",\"position\":1,\"name\":\"Strona g\u0142\u00f3wna\",\"item\":\"https:\/\/superbenek.eu\/sk\/\"},{\"@type\":\"ListItem\",\"position\":2,\"name\":\"O N\u00c1S\"}]},{\"@type\":\"WebSite\",\"@id\":\"https:\/\/superbenek.eu\/sk\/#website\",\"url\":\"https:\/\/superbenek.eu\/sk\/\",\"name\":\"Super Benek\",\"description\":\"Super Benek\",\"potentialAction\":[{\"@type\":\"SearchAction\",\"target\":{\"@type\":\"EntryPoint\",\"urlTemplate\":\"https:\/\/superbenek.eu\/sk\/?s={search_term_string}\"},\"query-input\":\"required name=search_term_string\"}],\"inLanguage\":\"sk-SK\"}]}<\/script>\n<!-- \/ Yoast SEO plugin. -->","yoast_head_json":{"title":"O N\u00c1S - Super Benek","robots":{"index":"index","follow":"follow","max-snippet":"max-snippet:-1","max-image-preview":"max-image-preview:large","max-video-preview":"max-video-preview:-1"},"canonical":"https:\/\/superbenek.eu\/sk\/o-nas\/","og_locale":"sk_SK","og_type":"article","og_title":"O N\u00c1S - Super Benek","og_description":"Skontaktujte sa s nami! Ak m\u00e1te z\u00e1ujem o na\u0161u ponuku alebo sa chcete dozvedie\u0165 viac Kontakt","og_url":"https:\/\/superbenek.eu\/sk\/o-nas\/","og_site_name":"Super Benek","article_modified_time":"2020-08-31T13:33:29+00:00","twitter_card":"summary_large_image","twitter_misc":{"Predpokladan\u00fd \u010das \u010d\u00edtania":"5 min\u00fat"},"schema":{"@context":"https:\/\/schema.org","@graph":[{"@type":"WebPage","@id":"https:\/\/superbenek.eu\/sk\/o-nas\/","url":"https:\/\/superbenek.eu\/sk\/o-nas\/","name":"O N\u00c1S - Super Benek","isPartOf":{"@id":"https:\/\/superbenek.eu\/sk\/#website"},"datePublished":"2019-11-08T16:52:32+00:00","dateModified":"2020-08-31T13:33:29+00:00","breadcrumb":{"@id":"https:\/\/superbenek.eu\/sk\/o-nas\/#breadcrumb"},"inLanguage":"sk-SK","potentialAction":[{"@type":"ReadAction","target":["https:\/\/superbenek.eu\/sk\/o-nas\/"]}]},{"@type":"BreadcrumbList","@id":"https:\/\/superbenek.eu\/sk\/o-nas\/#breadcrumb","itemListElement":[{"@type":"ListItem","position":1,"name":"Strona g\u0142\u00f3wna","item":"https:\/\/superbenek.eu\/sk\/"},{"@type":"ListItem","position":2,"name":"O N\u00c1S"}]},{"@type":"WebSite","@id":"https:\/\/superbenek.eu\/sk\/#website","url":"https:\/\/superbenek.eu\/sk\/","name":"Super Benek","description":"Super Benek","potentialAction":[{"@type":"SearchAction","target":{"@type":"EntryPoint","urlTemplate":"https:\/\/superbenek.eu\/sk\/?s={search_term_string}"},"query-input":"required name=search_term_string"}],"inLanguage":"sk-SK"}]}},"_links":{"self":[{"href":"https:\/\/superbenek.eu\/sk\/wp-json\/wp\/v2\/pages\/51"}],"collection":[{"href":"https:\/\/superbenek.eu\/sk\/wp-json\/wp\/v2\/pages"}],"about":[{"href":"https:\/\/superbenek.eu\/sk\/wp-json\/wp\/v2\/types\/page"}],"author":[{"embeddable":true,"href":"https:\/\/superbenek.eu\/sk\/wp-json\/wp\/v2\/users\/1"}],"replies":[{"embeddable":true,"href":"https:\/\/superbenek.eu\/sk\/wp-json\/wp\/v2\/comments?post=51"}],"version-history":[{"count":21,"href":"https:\/\/superbenek.eu\/sk\/wp-json\/wp\/v2\/pages\/51\/revisions"}],"predecessor-version":[{"id":858,"href":"https:\/\/superbenek.eu\/sk\/wp-json\/wp\/v2\/pages\/51\/revisions\/858"}],"wp:attachment":[{"href":"https:\/\/superbenek.eu\/sk\/wp-json\/wp\/v2\/media?parent=51"}],"curies":[{"name":"wp","href":"https:\/\/api.w.org\/{rel}","templated":true}]}}